




{"id":7337,"date":"2015-08-06T13:10:09","date_gmt":"2015-08-06T09:10:09","guid":{"rendered":"http:\/\/www.dominicana-online.org\/?p=7337"},"modified":"2015-08-06T13:10:09","modified_gmt":"2015-08-06T09:10:09","slug":"children_94","status":"publish","type":"page","link":"https:\/\/www.dominicanaonline.org\/en\/children_94\/","title":{"rendered":"(Versi\u00f3n en espa\u00f1ol) Ni\u00f1os Dominicanos Primeros Lugares en Premio Internacional de Arte"},"content":{"rendered":"<p class=\"qtranxs-available-languages-message qtranxs-available-languages-message-en\">Sorry, this entry is only available in <a href=\"https:\/\/www.dominicanaonline.org\/es\/wp-json\/wp\/v2\/pages\/7337\" class=\"qtranxs-available-language-link qtranxs-available-language-link-es\" title=\"Versi\u00f3n en espa\u00f1ol\">Versi\u00f3n en espa\u00f1ol<\/a>.<\/p>","protected":false},"excerpt":{"rendered":"<p>Sorry, this entry is only available in Versi\u00f3n en espa\u00f1ol.<\/p>\n","protected":false},"author":1,"featured_media":0,"parent":0,"menu_order":0,"comment_status":"open","ping_status":"open","template":"","meta":{"footnotes":""},"class_list":["post-7337","page","type-page","status-publish","hentry"],"_links":{"self":[{"href":"https:\/\/www.dominicanaonline.org\/en\/wp-json\/wp\/v2\/pages\/7337"}],"collection":[{"href":"https:\/\/www.dominicanaonline.org\/en\/wp-json\/wp\/v2\/pages"}],"about":[{"href":"https:\/\/www.dominicanaonline.org\/en\/wp-json\/wp\/v2\/types\/page"}],"author":[{"embeddable":true,"href":"https:\/\/www.dominicanaonline.org\/en\/wp-json\/wp\/v2\/users\/1"}],"replies":[{"embeddable":true,"href":"https:\/\/www.dominicanaonline.org\/en\/wp-json\/wp\/v2\/comments?post=7337"}],"version-history":[{"count":0,"href":"https:\/\/www.dominicanaonline.org\/en\/wp-json\/wp\/v2\/pages\/7337\/revisions"}],"wp:attachment":[{"href":"https:\/\/www.dominicanaonline.org\/en\/wp-json\/wp\/v2\/media?parent=7337"}],"curies":[{"name":"wp","href":"https:\/\/api.w.org\/{rel}","templated":true}]}}