




{"id":5683,"date":"2012-05-24T06:33:42","date_gmt":"2012-05-24T02:33:42","guid":{"rendered":"http:\/\/www.dominicana-online.org\/?p=5683"},"modified":"2012-05-24T06:33:42","modified_gmt":"2012-05-24T02:33:42","slug":"flora","status":"publish","type":"page","link":"https:\/\/www.dominicanaonline.org\/en\/flora\/","title":{"rendered":"Dominican Flora"},"content":{"rendered":"<p><BR><BR><br \/>\n<P class=grantitulo>Dominican Flora<SPAN class=texto> <\/SPAN><\/P><br \/>\n<P class=texto><B>Especies | <A href=\"\/Portal\/english\/cpo_flora_esp.asp\">Plantas <\/A><\/B><\/P>&nbsp;<br \/>\n<TABLE class=texto width=\"90%\" border=0><br \/>\n<TBODY><br \/>\n<TR><br \/>\n<TD vAlign=top width=598><B>Especies existentes clasificadas por uso<\/B><br \/>\n<P>Diversos trabajos de inventario de la flora del Jard\u00edn Bot\u00e1nico Nacional han determinado que Rep\u00fablica Dominicana cuenta con 5,400 especies de plantas, de las cuales alrededor del 38% son end\u00e9micas. <\/P><br \/>\n<P>A continuaci\u00f3n presentamos un listado de algunas de las especies existentes en nuestro pa\u00eds, clasificadas por su uso. <\/P><br \/>\n<TABLE class=texto width=\"75%\" border=0><br \/>\n<TBODY><br \/>\n<TR><br \/>\n<TD height=21 colSpan=2><B>Maderables<\/B><\/TD><\/TR><br \/>\n<TR><br \/>\n<TD><B>Nombre com\u00fan <\/B><\/TD><br \/>\n<TD><B>Nombre cient\u00edfico<\/B><\/TD><\/TR><br \/>\n<TR><br \/>\n<TD>Caoba <\/TD><br \/>\n<TD>Swietenia mahogani<\/TD><\/TR><br \/>\n<TR><br \/>\n<TD>Lana <\/TD><br \/>\n<TD>Ochroma pyramidale<\/TD><\/TR><br \/>\n<TR><br \/>\n<TD>Anacahuita <\/TD><br \/>\n<TD>Sterculia apetala<\/TD><\/TR><br \/>\n<TR><br \/>\n<TD>Ceiba <\/TD><br \/>\n<TD>Ceiba pentandra<\/TD><\/TR><br \/>\n<TR><br \/>\n<TD>Majagua <\/TD><br \/>\n<TD>Hibiscus tiliaceus<\/TD><\/TR><br \/>\n<TR><br \/>\n<TD>Memiso <\/TD><br \/>\n<TD>Muntingia calabura<\/TD><\/TR><br \/>\n<TR><br \/>\n<TD>Memiso cimarr\u00f3n <\/TD><br \/>\n<TD>Trema lamarckiana<\/TD><\/TR><br \/>\n<TR><br \/>\n<TD>Memiso de Paloma <\/TD><br \/>\n<TD>Trema micrantha<\/TD><\/TR><br \/>\n<TR><br \/>\n<TD>Cabirma <\/TD><br \/>\n<TD>Guarea guidonia<\/TD><\/TR><br \/>\n<TR><br \/>\n<TD>Cedro <\/TD><br \/>\n<TD>Cedrela odorata<\/TD><\/TR><br \/>\n<TR><br \/>\n<TD>An\u00f3n de mayagua <\/TD><br \/>\n<TD>Lonchocarpus domingensis<\/TD><\/TR><br \/>\n<TR><br \/>\n<TD>Pi\u00f1\u00f3n cubano <\/TD><br \/>\n<TD>Gliricidia sepium<\/TD><\/TR><br \/>\n<TR><br \/>\n<TD>Amapola de sombra <\/TD><br \/>\n<TD>Erythrina poeppigiana<\/TD><\/TR><br \/>\n<TR><br \/>\n<TD>Amapola o mampolo <\/TD><br \/>\n<TD>Spathodea campanulata<\/TD><\/TR><br \/>\n<TR><br \/>\n<TD>Campeche <\/TD><br \/>\n<TD>Haematoxylon campechianum<\/TD><\/TR><br \/>\n<TR><br \/>\n<TD>Guatapan\u00e1 <\/TD><br \/>\n<TD>Caesalpinia coriaria<\/TD><\/TR><br \/>\n<TR><br \/>\n<TD>Guayac\u00e1n <\/TD><br \/>\n<TD>Guaiacum officinale<\/TD><\/TR><br \/>\n<TR><br \/>\n<TD>Gu\u00e1rana <\/TD><br \/>\n<TD>Cupania americana<\/TD><\/TR><br \/>\n<TR><br \/>\n<TD>Gu\u00e1cima <\/TD><br \/>\n<TD>Guazuma ulmifolia<\/TD><\/TR><br \/>\n<TR><br \/>\n<TD>Mara <\/TD><br \/>\n<TD>Calophylum calaba<\/TD><\/TR><br \/>\n<TR><br \/>\n<TD>Mamey <\/TD><br \/>\n<TD>Mammea americana<\/TD><\/TR><br \/>\n<TR><br \/>\n<TD>Roble <\/TD><br \/>\n<TD>Catalpa longissima<\/TD><\/TR><br \/>\n<TR><br \/>\n<TD>Teca <\/TD><br \/>\n<TD>Tectona grandis<\/TD><\/TR><br \/>\n<TR><br \/>\n<TD>Jagua <\/TD><br \/>\n<TD>Genipa americana<\/TD><\/TR><br \/>\n<TR><br \/>\n<TD>Mangle prieto <\/TD><br \/>\n<TD>Avicennia germinans<\/TD><\/TR><br \/>\n<TR><br \/>\n<TD>Cap\u00e1 <\/TD><br \/>\n<TD>Petitia domingensis<\/TD><\/TR><br \/>\n<TR><br \/>\n<TD>Almendra <\/TD><br \/>\n<TD>Terminalia catappa<\/TD><\/TR><br \/>\n<TR><br \/>\n<TD>Mangle <\/TD><br \/>\n<TD>Conocarpus erecta<\/TD><\/TR><br \/>\n<TR><br \/>\n<TD>Eucalipto <\/TD><br \/>\n<TD>Eucaliptus robusta<\/TD><\/TR><br \/>\n<TR><br \/>\n<TD>Flamboy\u00e1n<\/TD><br \/>\n<TD>Delonix regia<\/TD><\/TR><br \/>\n<TR><br \/>\n<TD>Baito<\/TD><br \/>\n<TD>hyllostylon brasiliensis<\/TD><\/TR><br \/>\n<TR><br \/>\n<TD>Hojancha<\/TD><br \/>\n<TD>Coccoloba pubescens<\/TD><\/TR><br \/>\n<TR><br \/>\n<TD>Corozo <\/TD><br \/>\n<TD>Acrocomia quisqueyana<\/TD><\/TR><br \/>\n<TR><br \/>\n<TD>Guano <\/TD><br \/>\n<TD>Coccotrinax sp<\/TD><\/TR><br \/>\n<TR><br \/>\n<TD>Bamb\u00fa <\/TD><br \/>\n<TD>Bambusa bambos<\/TD><\/TR><br \/>\n<TR><br \/>\n<TD>Palma Real <\/TD><br \/>\n<TD>Roystonea hispaniolana<\/TD><\/TR><br \/>\n<TR><br \/>\n<TD>Cana <\/TD><br \/>\n<TD>Sabal umbraculifera<\/TD><\/TR><br \/>\n<TR><br \/>\n<TD>Yarey <\/TD><br \/>\n<TD>Copernicia berteroana<\/TD><\/TR><br \/>\n<TR><br \/>\n<TD>Chacha <\/TD><br \/>\n<TD>Albizia lebbeck<\/TD><\/TR><br \/>\n<TR><br \/>\n<TD>Oreja <\/TD><br \/>\n<TD>Enterolobium cyclocarpum<\/TD><\/TR><br \/>\n<TR><br \/>\n<TD>Jina <\/TD><br \/>\n<TD>Inga fagifolia<\/TD><\/TR><br \/>\n<TR><br \/>\n<TD>Caobanilla <\/TD><br \/>\n<TD>Sthalia manosperma<\/TD><\/TR><br \/>\n<TR><br \/>\n<TD>Pino <\/TD><br \/>\n<TD>Pinus occidentalis<\/TD><\/TR><br \/>\n<TR><br \/>\n<TD>Lino criollo<\/TD><br \/>\n<TD>Leucaena leucocephala<\/TD><\/TR><br \/>\n<TR><br \/>\n<TD>Bayahonda <\/TD><br \/>\n<TD>Prosopis juliflora<\/TD><\/TR><br \/>\n<TR><br \/>\n<TD>Sam\u00e1n <\/TD><br \/>\n<TD>Samanea sam\u00e1n<\/TD><\/TR><br \/>\n<TR><br \/>\n<TD>Balat\u00e1 <\/TD><br \/>\n<TD>Manilkara bidentata<\/TD><\/TR><br \/>\n<TR><br \/>\n<TD>Ciguamo o Siguamo<\/TD><br \/>\n<TD>Krugiodendron ferreum<\/TD><\/TR><br \/>\n<TR><br \/>\n<TD>C\u00f3rbano <\/TD><br \/>\n<TD>Pseudalbizia berteroana<\/TD><\/TR><br \/>\n<TR><br \/>\n<TD>Aroma <\/TD><br \/>\n<TD>Acacia farnesiana<\/TD><\/TR><br \/>\n<TR><br \/>\n<TD>Manacla <\/TD><br \/>\n<TD>Prestoea montana<\/TD><\/TR><br \/>\n<TR><br \/>\n<TD>Cambr\u00f3n<\/TD><br \/>\n<TD>Acacia macracantha<\/TD><\/TR><br \/>\n<TR><br \/>\n<TD>Guama <\/TD><br \/>\n<TD>Inga vera<\/TD><\/TR><br \/>\n<TR><br \/>\n<TD>Candel\u00f3n <\/TD><br \/>\n<TD>Acacia scleroxyla<\/TD><\/TR><br \/>\n<TR><br \/>\n<TD>Icaco <\/TD><br \/>\n<TD>Chrysobalanus icaco<\/TD><\/TR><br \/>\n<TR><br \/>\n<TD>Cotoper\u00ed <\/TD><br \/>\n<TD>Thalisis jimenezee<\/TD><\/TR><br \/>\n<TR><br \/>\n<TD>Acacia <\/TD><br \/>\n<TD>Acacia tortuosa L.<\/TD><\/TR><br \/>\n<TR><br \/>\n<TD>Melina <\/TD><br \/>\n<TD>Gmelina arborea<\/TD><\/TR><br \/>\n<TR><br \/>\n<TD>Caya amarilla <\/TD><br \/>\n<TD>Mastichodendron foetidissimum<\/TD><\/TR><br \/>\n<TR><br \/>\n<TD>Mag\u00e1 <\/TD><br \/>\n<TD>Hernandia sonora L.<\/TD><\/TR><br \/>\n<TR><br \/>\n<TD>Caracol\u00ed <\/TD><br \/>\n<TD>Lysiloma latisiliquia L.<\/TD><\/TR><\/TBODY><\/TABLE><BR><BR><br \/>\n<TABLE class=texto width=\"75%\" border=0><br \/>\n<TBODY><br \/>\n<TR><br \/>\n<TD height=14 colSpan=2><br \/>\n<DIV align=left><B>De inter\u00e9s medicinal<\/B><\/DIV><\/TD><\/TR><br \/>\n<TR><br \/>\n<TD><B>Nombre Com\u00fan<\/B><\/TD><br \/>\n<TD><B>Nombre cient\u00edfico<\/B><\/TD><\/TR><br \/>\n<TR><br \/>\n<TD>Alquitira<\/TD><br \/>\n<TD>Opuntia ficus-indica<\/TD><\/TR><br \/>\n<TR><br \/>\n<TD>Higuereta<\/TD><br \/>\n<TD>Ricinus communis<\/TD><\/TR><br \/>\n<TR><br \/>\n<TD>Lechuga de agua <\/TD><br \/>\n<TD>Pistia stratiotes<\/TD><\/TR><br \/>\n<TR><br \/>\n<TD>Flor de agua <\/TD><br \/>\n<TD>Nymphaea ampla<\/TD><\/TR><br \/>\n<TR><br \/>\n<TD>Llanten cimarr\u00f3n <\/TD><br \/>\n<TD>Plantago major L.<\/TD><\/TR><br \/>\n<TR><br \/>\n<TD>Limo <\/TD><br \/>\n<TD>Potamogeton nodosus<\/TD><\/TR><br \/>\n<TR><br \/>\n<TD>Lila de agua<\/TD><br \/>\n<TD>Eichhornia crassipes<\/TD><\/TR><br \/>\n<TR><br \/>\n<TD>Lila de agua <\/TD><br \/>\n<TD>Heteranthera limosa<\/TD><\/TR><br \/>\n<TR><br \/>\n<TD>Batatilla <\/TD><br \/>\n<TD>Brasenia schreberi<\/TD><\/TR><br \/>\n<TR><br \/>\n<TD>Water bean <\/TD><br \/>\n<TD>Nelumbo lutea<\/TD><\/TR><br \/>\n<TR><br \/>\n<TD>Ova <\/TD><br \/>\n<TD>Podostemun ceratophyllum<\/TD><\/TR><\/TBODY><\/TABLE><BR><BR><br \/>\n<TABLE class=texto width=\"75%\" border=0><br \/>\n<TBODY><br \/>\n<TR><br \/>\n<TD colSpan=2><B>Alimenticias<\/B><\/TD><\/TR><br \/>\n<TR><br \/>\n<TD><B>Nombre com\u00fan<\/B><\/TD><br \/>\n<TD><B>Nombre cient\u00edfico<\/B><\/TD><\/TR><br \/>\n<TR><br \/>\n<TD>Manzana de oro <\/TD><br \/>\n<TD>Spondias dulcis<\/TD><\/TR><br \/>\n<TR><br \/>\n<TD>Jobo <\/TD><br \/>\n<TD>Sbpondias edulis<\/TD><\/TR><br \/>\n<TR><br \/>\n<TD>Jobo de puerco <\/TD><br \/>\n<TD>Spondias mombin L.<\/TD><\/TR><br \/>\n<TR><br \/>\n<TD>Grosella <\/TD><br \/>\n<TD>Phyllanthus acidus<\/TD><\/TR><br \/>\n<TR><br \/>\n<TD>Ciruela morada<\/TD><br \/>\n<TD>Spondias purpurea<\/TD><\/TR><br \/>\n<TR><br \/>\n<TD>Limoncillo <\/TD><br \/>\n<TD>Melicoccus bijugatus<\/TD><\/TR><br \/>\n<TR><br \/>\n<TD>Bejuco de indio <\/TD><br \/>\n<TD>Gouania lupuloides<\/TD><\/TR><br \/>\n<TR><br \/>\n<TD>Vinagrillo <\/TD><br \/>\n<TD>Averrhoa bilimbi<\/TD><\/TR><br \/>\n<TR><br \/>\n<TD>Carambola <\/TD><br \/>\n<TD>Averrhoa carambola<\/TD><\/TR><br \/>\n<TR><br \/>\n<TD>Tamarindo <\/TD><br \/>\n<TD>Tamarindus indica<\/TD><\/TR><br \/>\n<TR><br \/>\n<TD>Bija <\/TD><br \/>\n<TD>Bixa orellana<\/TD><\/TR><br \/>\n<TR><br \/>\n<TD>Parcha <\/TD><br \/>\n<TD>Passiflora laurifolia<\/TD><\/TR><br \/>\n<TR><br \/>\n<TD>Calabacito <\/TD><br \/>\n<TD>d&#8217;indio Passiflora maliformis<\/TD><\/TR><br \/>\n<TR><br \/>\n<TD>Cajuilito solim\u00e1n <\/TD><br \/>\n<TD>Eugenia malaccensis<\/TD><\/TR><br \/>\n<TR><br \/>\n<TD>Arar\u00fa <\/TD><br \/>\n<TD>Maranta aundinacea<\/TD><\/TR><br \/>\n<TR><br \/>\n<TD>\u00d1ame amarillo <\/TD><br \/>\n<TD>Dioscorea sativa L.<\/TD><\/TR><br \/>\n<TR><br \/>\n<TD>Pan de fruta <\/TD><br \/>\n<TD>Artocarpus communis<\/TD><\/TR><br \/>\n<TR><br \/>\n<TD>Buen pan <\/TD><br \/>\n<TD>Artocarpus altitis<\/TD><\/TR><br \/>\n<TR><br \/>\n<TD>Bledo espinoso <\/TD><br \/>\n<TD>Amaranthus spinosus<\/TD><\/TR><br \/>\n<TR><br \/>\n<TD>Verdolaga <\/TD><br \/>\n<TD>Portulacca oleracea<\/TD><\/TR><br \/>\n<TR><br \/>\n<TD>Uva de playa <\/TD><br \/>\n<TD>Coccoloba uvifera<\/TD><\/TR><br \/>\n<TR><br \/>\n<TD>Higo <\/TD><br \/>\n<TD>Ficus carica<\/TD><\/TR><br \/>\n<TR><br \/>\n<TD>Gu\u00e1yiga <\/TD><br \/>\n<TD>Zamia debilis<\/TD><\/TR><br \/>\n<TR><br \/>\n<TD>Maya <\/TD><br \/>\n<TD>Bromelia ping\u00fcin<\/TD><\/TR><br \/>\n<TR><br \/>\n<TD>Mam\u00f3n <\/TD><br \/>\n<TD>Annona reticulata<\/TD><\/TR><br \/>\n<TR><br \/>\n<TD>Ajonjol\u00ed <\/TD><br \/>\n<TD>Sesamum indicus<\/TD><\/TR><br \/>\n<TR><br \/>\n<TD>Habas <\/TD><br \/>\n<TD>Phaseolus lunatus<\/TD><\/TR><br \/>\n<TR><br \/>\n<TD>An\u00f3n <\/TD><br \/>\n<TD>Annona squamosa<\/TD><\/TR><br \/>\n<TR><br \/>\n<TD>Caimito cimarr\u00f3n <\/TD><br \/>\n<TD>Chrysophyllum argenteum<\/TD><\/TR><br \/>\n<TR><br \/>\n<TD>Caimito <\/TD><br \/>\n<TD>Physophyllum caimito<\/TD><\/TR><br \/>\n<TR><br \/>\n<TD>Berro <\/TD><br \/>\n<TD>Nasturtium officinale<\/TD><\/TR><br \/>\n<TR><br \/>\n<TD>Caimito de perro <\/TD><br \/>\n<TD>Chrysophyllum oliviforme<\/TD><\/TR><br \/>\n<TR><br \/>\n<TD>Pitajaya <\/TD><br \/>\n<TD>Hylocereus undatus<\/TD><\/TR><br \/>\n<TR><br \/>\n<TD>Cacheo <\/TD><br \/>\n<TD>Pseudophoenix vinifera<\/TD><\/TR><br \/>\n<TR><br \/>\n<TD>Man\u00ed congo <\/TD><br \/>\n<TD>Voandzeia subterranea<\/TD><\/TR><br \/>\n<TR><br \/>\n<TD>Coco <\/TD><br \/>\n<TD>Cocos nucifera<\/TD><\/TR><br \/>\n<TR><br \/>\n<TD>Fresa <\/TD><br \/>\n<TD>Fragaria vesca<\/TD><\/TR><\/TBODY><\/TABLE><BR><BR><br \/>\n<TABLE class=texto width=\"75%\" border=0><br \/>\n<TBODY><br \/>\n<TR><br \/>\n<TD width=\"39%\"><B>Ornamentales<\/B><\/TD><br \/>\n<TD width=\"61%\">&nbsp;<\/TD><\/TR><br \/>\n<TR><br \/>\n<TD width=\"39%\"><B>Nombre<\/B><\/TD><br \/>\n<TD width=\"61%\"><B>Com\u00fan Nombre cient\u00edfico<\/B><\/TD><\/TR><br \/>\n<TR><br \/>\n<TD width=\"39%\">Cayena<\/TD><br \/>\n<TD width=\"61%\">Hibiscus rosa sinensis<\/TD><\/TR><br \/>\n<TR><br \/>\n<TD width=\"39%\">Azahar de jard\u00edn <\/TD><br \/>\n<TD width=\"61%\">Murrae exotica<\/TD><\/TR><br \/>\n<TR><br \/>\n<TD width=\"39%\">Pomo <\/TD><br \/>\n<TD width=\"61%\">Eugenia jambos<\/TD><\/TR><br \/>\n<TR><br \/>\n<TD width=\"39%\">Pl\u00e1tano cimarr\u00f3n <\/TD><br \/>\n<TD width=\"61%\">Heliconia bihai<\/TD><\/TR><br \/>\n<TR><br \/>\n<TD width=\"39%\">Cigarr\u00f3n<\/TD><br \/>\n<TD width=\"61%\">Canna coccinea<\/TD><\/TR><br \/>\n<TR><br \/>\n<TD width=\"39%\">Azucena <\/TD><br \/>\n<TD width=\"61%\">Polyanthes tuberosa<\/TD><\/TR><br \/>\n<TR><br \/>\n<TD width=\"39%\">Duendes <\/TD><br \/>\n<TD width=\"61%\">Zephyrantes sp.<\/TD><\/TR><br \/>\n<TR><br \/>\n<TD width=\"39%\">Eucalipto <\/TD><br \/>\n<TD width=\"61%\">Eucaliptus citriodora<\/TD><\/TR><\/TBODY><\/TABLE><BR><BR><br \/>\n<TABLE class=texto width=\"75%\" border=0><br \/>\n<TBODY><br \/>\n<TR><br \/>\n<TD colSpan=2><B>Arom\u00e1ticas<\/B><\/TD><\/TR><br \/>\n<TR><br \/>\n<TD width=\"39%\"><B>Nombre<\/B><\/TD><br \/>\n<TD width=\"61%\"><B>Com\u00fan Nombre cient\u00edfico<\/B><\/TD><\/TR><br \/>\n<TR><br \/>\n<TD width=\"39%\">Yerba buena<\/TD><br \/>\n<TD width=\"61%\">Mentha nemerosa<\/TD><\/TR><br \/>\n<TR><br \/>\n<TD width=\"39%\">Toronj\u00edl <\/TD><br \/>\n<TD width=\"61%\">Mentha citrata<\/TD><\/TR><br \/>\n<TR><br \/>\n<TD width=\"39%\">Or\u00e9gano poleo <\/TD><br \/>\n<TD width=\"61%\">Coleus amboinicus<\/TD><\/TR><br \/>\n<TR><br \/>\n<TD width=\"39%\">Romero <\/TD><br \/>\n<TD width=\"61%\">Rosmarinus officinalis<\/TD><\/TR><br \/>\n<TR><br \/>\n<TD width=\"39%\">Albahaca<\/TD><br \/>\n<TD width=\"61%\">Ocimun gratissimum<\/TD><\/TR><br \/>\n<TR><br \/>\n<TD width=\"39%\">Oz\u00faa <\/TD><br \/>\n<TD width=\"61%\">Pimienta ozua<\/TD><\/TR><br \/>\n<TR><br \/>\n<TD width=\"39%\">Or\u00e9gano <\/TD><br \/>\n<TD width=\"61%\">Lippia micromera show<\/TD><\/TR><br \/>\n<TR><br \/>\n<TD width=\"39%\">Cilantro <\/TD><br \/>\n<TD width=\"61%\">Sabanero Eryngium foetidum<\/TD><\/TR><br \/>\n<TR><br \/>\n<TD width=\"39%\">Hinojo <\/TD><br \/>\n<TD width=\"61%\">Foeniculum vulgar<\/TD><\/TR><br \/>\n<TR><br \/>\n<TD width=\"39%\">Gengibre <\/TD><br \/>\n<TD width=\"61%\">Zingiber officinale<\/TD><\/TR><br \/>\n<TR><br \/>\n<TD width=\"39%\">Narciso <\/TD><br \/>\n<TD width=\"61%\">Hedychium coronarium<\/TD><\/TR><br \/>\n<TR><br \/>\n<TD width=\"39%\">Pachul\u00ed <\/TD><br \/>\n<TD width=\"61%\">Vetiveria zizanioides<\/TD><\/TR><br \/>\n<TR><br \/>\n<TD width=\"39%\">Limoncillo de T\u00e9 <\/TD><br \/>\n<TD width=\"61%\">Cymbopogon nardus<\/TD><\/TR><br \/>\n<TR><br \/>\n<TD width=\"39%\">Ilan-ilan <\/TD><br \/>\n<TD width=\"61%\">Cananga odorata<\/TD><\/TR><\/TBODY><\/TABLE><BR><BR><br \/>\n<TABLE class=texto width=\"75%\" border=0><br \/>\n<TBODY><br \/>\n<TR><br \/>\n<TD colSpan=2><B>Textiles<\/B><\/TD><\/TR><br \/>\n<TR><br \/>\n<TD width=\"39%\"><B>Nombre com\u00fan<\/B><\/TD><br \/>\n<TD width=\"61%\"><B>Nombre cient\u00edfico<\/B><\/TD><\/TR><br \/>\n<TR><br \/>\n<TD width=\"39%\">Sisal <\/TD><br \/>\n<TD width=\"61%\">Agave sisalana<\/TD><\/TR><br \/>\n<TR><br \/>\n<TD width=\"39%\">Algod\u00f3n <\/TD><br \/>\n<TD width=\"61%\">Gossipium barbadense L.<\/TD><\/TR><br \/>\n<TR><br \/>\n<TD width=\"39%\">Algod\u00f3n de seda <\/TD><br \/>\n<TD width=\"61%\">Asclepias curassavica L.<\/TD><\/TR><br \/>\n<TR><br \/>\n<TD width=\"39%\">Algod\u00f3n morado <\/TD><br \/>\n<TD width=\"61%\">Gossypium hirsutum L.<\/TD><\/TR><br \/>\n<TR><br \/>\n<TD width=\"39%\">Cabuya <\/TD><br \/>\n<TD width=\"61%\">Frucraea hexapetala<\/TD><\/TR><\/TBODY><\/TABLE><BR><BR><br \/>\n<TABLE class=texto width=\"75%\" border=0><br \/>\n<TBODY><br \/>\n<TR><br \/>\n<TD width=\"39%\"><B>Mel\u00edferas<\/B><\/TD><br \/>\n<TD width=\"61%\">&nbsp;<\/TD><\/TR><br \/>\n<TR><br \/>\n<TD width=\"39%\"><B>Nombre com\u00fan<\/B><\/TD><br \/>\n<TD width=\"61%\"><B>Nombre cient\u00edfico<\/B><\/TD><\/TR><br \/>\n<TR><br \/>\n<TD width=\"39%\">Bejuco caro<\/TD><br \/>\n<TD width=\"61%\">Cissus sicyoides L.<\/TD><\/TR><br \/>\n<TR><br \/>\n<TD width=\"39%\">Borraja <\/TD><br \/>\n<TD width=\"61%\">Borago officinalis L.<\/TD><\/TR><br \/>\n<TR><br \/>\n<TD width=\"39%\">Cep\u00fa <\/TD><br \/>\n<TD width=\"61%\">Mikania cordifolia<\/TD><\/TR><br \/>\n<TR><br \/>\n<TD width=\"39%\">Maguey <\/TD><br \/>\n<TD width=\"61%\">Agave spp.<\/TD><\/TR><br \/>\n<TR><br \/>\n<TD width=\"39%\">Jobob\u00e1n <\/TD><br \/>\n<TD width=\"61%\">Trichilia hirta L.<\/TD><\/TR><\/TBODY><\/TABLE><BR><BR><br \/>\n<TABLE class=texto width=\"75%\" border=0><br \/>\n<TBODY><br \/>\n<TR><br \/>\n<TD width=\"39%\"><B>Artesanales<\/B><\/TD><br \/>\n<TD width=\"61%\">&nbsp;<\/TD><\/TR><br \/>\n<TR><br \/>\n<TD width=\"39%\"><B>Nombre com\u00fan <\/B><\/TD><br \/>\n<TD width=\"61%\"><B>Nombre cient\u00edfico<\/B><\/TD><\/TR><br \/>\n<TR><br \/>\n<TD width=\"39%\">Bejuco chino<\/TD><br \/>\n<TD width=\"61%\">Smilax lanceolata <\/TD><\/TR><br \/>\n<TR><br \/>\n<TD width=\"39%\">Bejuco indio <\/TD><br \/>\n<TD width=\"61%\">Gouania lupuloides L.<\/TD><\/TR><\/TBODY><\/TABLE><br \/>\n<P><B>Fuente:<\/B> Informe Nacional para la Conferencia T\u00e9cnica Internacional de la FAO sobre los recursos filogen\u00e9ticos. <A href=\"http:\/\/www.agricultura.gov.do\/\">Secretar\u00eda de Estado de Agricultura<\/A>.<\/P><br \/>\n<P><BR><BR><B>Enlaces relacionados:<\/B><\/P><br \/>\n<P><A href=\"http:\/\/www.jbn-sdq.org\/\">Jard\u00edn Bot\u00e1nico Nacional Dr. Rafael Ma. Moscoso Puello<\/A><BR><BR><A href=\"http:\/\/www.ceiba.gov.do\/\">Secretar\u00eda de Estado de Medio Ambiente<\/A><BR><BR><A href=\"http:\/\/funredes.org\/endacaribe\/publicaciones.html\">Publicaciones de Enda-Caribe y del Programa TRAMIL<\/A><BR><BR><A href=\"http:\/\/www.floridata.com\/index.cfm\">Floridata<\/A><\/P><br \/>\n<P><A href=\"http:\/\/www.oas.org\/children\/plants\/RepDominicana\/RepDomPlantas.htm\">http:\/\/www.oas.org\/children\/plants\/RepDominicana\/RepDomPlantas.htm<\/A><\/P><\/TD><\/TR><\/TBODY><\/TABLE><\/p>","protected":false},"excerpt":{"rendered":"<p>Dominican Flora Especies | Plantas &nbsp; Especies existentes clasificadas por uso Diversos trabajos de inventario de la flora del Jard\u00edn Bot\u00e1nico Nacional han determinado que Rep\u00fablica Dominicana cuenta con 5,400 especies de plantas, de las cuales alrededor del 38% son end\u00e9micas. A continuaci\u00f3n presentamos un listado de algunas de las especies existentes en nuestro pa\u00eds, &hellip; <a href=\"https:\/\/www.dominicanaonline.org\/en\/flora\/\" class=\"more-link\">Continue reading<span class=\"screen-reader-text\"> &#8220;Dominican Flora&#8221;<\/span><\/a><\/p>\n","protected":false},"author":1,"featured_media":0,"parent":0,"menu_order":0,"comment_status":"open","ping_status":"open","template":"","meta":{"footnotes":""},"class_list":["post-5683","page","type-page","status-publish","hentry"],"_links":{"self":[{"href":"https:\/\/www.dominicanaonline.org\/en\/wp-json\/wp\/v2\/pages\/5683"}],"collection":[{"href":"https:\/\/www.dominicanaonline.org\/en\/wp-json\/wp\/v2\/pages"}],"about":[{"href":"https:\/\/www.dominicanaonline.org\/en\/wp-json\/wp\/v2\/types\/page"}],"author":[{"embeddable":true,"href":"https:\/\/www.dominicanaonline.org\/en\/wp-json\/wp\/v2\/users\/1"}],"replies":[{"embeddable":true,"href":"https:\/\/www.dominicanaonline.org\/en\/wp-json\/wp\/v2\/comments?post=5683"}],"version-history":[{"count":0,"href":"https:\/\/www.dominicanaonline.org\/en\/wp-json\/wp\/v2\/pages\/5683\/revisions"}],"wp:attachment":[{"href":"https:\/\/www.dominicanaonline.org\/en\/wp-json\/wp\/v2\/media?parent=5683"}],"curies":[{"name":"wp","href":"https:\/\/api.w.org\/{rel}","templated":true}]}}