




{"id":5650,"date":"2012-05-02T06:05:42","date_gmt":"2012-05-02T02:05:42","guid":{"rendered":"http:\/\/www.dominicana-online.org\/?p=5650"},"modified":"2012-05-02T06:05:42","modified_gmt":"2012-05-02T02:05:42","slug":"teatro_lista","status":"publish","type":"page","link":"https:\/\/www.dominicanaonline.org\/en\/teatro_lista\/","title":{"rendered":"Theaters in Dominican Republic"},"content":{"rendered":"<p><P class=grantitulo>Theaters in Dominican Republic<\/P><SPAN class=texto><br \/>\n<TABLE width=\"93%\" border=0><br \/>\n<TBODY><br \/>\n<TR><br \/>\n<TD vAlign=top><br \/>\n<TABLE id=table2 class=texto cellSpacing=0 cellPadding=0 width=\"100%\" border=0><br \/>\n<TBODY><br \/>\n<TR><br \/>\n<TD>\u00b7 <A href=\"cpo_hoteles.asp\">Bar and Restaurants <\/A><\/TD><\/TR><br \/>\n<TR><br \/>\n<TD width=\"100%\">&nbsp;<\/TD><\/TR><br \/>\n<TR><br \/>\n<TD width=\"100%\">\u00b7 <STRONG>Theaters<\/STRONG><\/TD><\/TR><\/TBODY><\/TABLE><\/TD><br \/>\n<TD>&nbsp;<\/TD><br \/>\n<TD class=texto><br \/>\n<P><STRONG><IMG class=thinborderfloat1 border=0 hspace=10 alt=\"Teatro Las Mascaras\" src=\"\/Portal\/noticias\/teatro_lasmascaras.jpg\" width=65 align=left height=65><\/STRONG><B>Teatro Las M\u00e1scaras <\/B><BR><BR>Las M\u00e1scaras, under the direction of Germana Quintana and Lidia Ariza. It offers productions on weekends, On several Thursdays throughout the year it presents \u201cmonologue Thursdays\u201d when actors from different schools of acting and styles perform for a month. <\/P><br \/>\n<P>Address: Arzobispo Portes casi esquina Arzbispo Meri\u00f1o<br \/>\n<P><STRONG><IMG class=thinborderfloat1 border=0 hspace=10 alt=\"Teatro Guloya \" src=\"\/Portal\/noticias\/Gran_Teatro_del_Cibao_65.jpg\" width=65 align=left height=65>Teatro Guloya <\/STRONG><BR><SPAN id=result_box><SPAN title=\"Fue fundado en Septiembre de 1991.\" closure_uid_ws9ar1=\"24\">Founded in September 1991. <\/SPAN><SPAN title=\"Entre nuestros objetivos se encuentran: la creaci\u00f3n de obras de teatro para adultos, para ni\u00f1os, para salas, para espacios abiertos, talleres, cursos, asesor\u00edas, publicaciones, organizaci\u00f3n de eventos teatrales y culturales.\" closure_uid_ws9ar1=\"25\">Among our objectives are: the creation of plays for adults, for children, halls, open spaces, workshops, courses, advisory services, publications, organization of theatrical and cultural events. <\/SPAN><SPAN title=Investigaciones. closure_uid_ws9ar1=\"26\">Research.<BR><BR><\/SPAN><SPAN title=\"Direcci\u00f3n: Calle Arzobispo Portes 205 entre Hostos y 19 de Marzo, Zona Colonial, Santo Domingo, RD\" closure_uid_ws9ar1=\"27\">Address: Calle Arzobispo Portes and 205 between March 19 Hostos, Zona Colonial, Santo Domingo, DR <\/SPAN><SPAN title=\"Tel. 809-685-4856\" closure_uid_ws9ar1=\"28\">Tel 809-685-4856<\/SPAN><\/SPAN><\/P><br \/>\n<P><STRONG><IMG class=thinborderfloat1 border=0 hspace=10 alt=\"Teatro Guloya \" src=\"\/Portal\/noticias\/casateatro_65.jpg\" width=65 align=left height=65>Casa de Teatro<\/STRONG><BR><SPAN id=result_box><SPAN title=\"Es una instituci\u00f3n sin fines de lucro que ha servido de primer pelda\u00f1o a cantantes, m\u00fasicos, bailarines, poetas, narradores, actores, pintores, dise\u00f1adores, fot\u00f3grafos al iniciar sus respectivas carreras.\" closure_uid_ws9ar1=\"30\">It is a nonprofit institution that has served as the first step to singers, musicians, dancers, poets, storytellers, actors, painters, designers, photographers to start their careers.<BR><BR><\/SPAN><SPAN title=\"La casa tambi\u00e9n ha sido escenario para producir grandes espect\u00e1culos y recaudadora de fondos para los proyectos m\u00e1s inimaginables.\" closure_uid_ws9ar1=\"31\">The house also has been the scene to produce great shows and fundraising for projects imaginable. <\/SPAN><SPAN title=\"Cada a\u00f1o en su galer\u00eda se realizan mas de 30 exposiciones de pintura y fotograf\u00eda, se producen espect\u00e1culos de m\u00fasica, ballet, teatro, conferencias y otras tantas expresiones culturales Se realizan intercambios culturales con otros pa\u00edses, se llevan sus obras y exposiciones a las ciudades del\" closure_uid_ws9ar1=\"32\">Each year in the gallery are made more than 30 exhibitions of paintings and photography, there are performances of music, ballet, theater, lectures and many other cultural expressions are made cultural exchanges with other countries, take their works and exhibitions to cities <\/SPAN><SPAN title=\"interior, se organizan presentaciones a empresas.\" closure_uid_ws9ar1=\"33\">interior, are organized presentations to companies.<BR><BR><\/SPAN><SPAN title=\"La casa esta abierta todos los d\u00edas del a\u00f1o y en su caf\u00e9 bar se re\u00fanen los artistas y en d\u00edas de semana hay jazz o nueva canci\u00f3n, o noche de boleros.\" closure_uid_ws9ar1=\"34\">The house is open every day of the year and its coffee bar and meet the artists during the week is jazz or new song, or night of boleros.<BR><BR><\/SPAN><SPAN title=\"Direcci\u00f3n: Calle Arzobispo Meri\u00f1o\" closure_uid_ws9ar1=\"35\">Address: Calle Arzobispo Merino<BR><\/SPAN><SPAN title=\"Santo Domingo de Guzm\u00e1n\" closure_uid_ws9ar1=\"36\">Santo Domingo<BR><\/SPAN><SPAN title=\"(809) 689-3430\" closure_uid_ws9ar1=\"37\">(809) 689-3430<\/SPAN><\/SPAN><\/P><br \/>\n<P><STRONG><IMG class=thinborderfloat1 border=0 hspace=10 alt=\"Teatro Guloya \" src=\"\/Portal\/noticias\/renaissance_jaragua_65.jpg\" width=65 align=left height=65>Teatro la Fiesta del Hotel Jaragua<BR><\/STRONG><SPAN id=result_box><SPAN title=\"El Sal\u00f3n la Fiesta tiene capacidad para acoger alrededor de 1,050 personas en recepciones y funciones de teatro.\" closure_uid_ws9ar1=\"17\">Fiesta Hall has capacity to accommodate around 1,050 people for receptions and theater.<BR><BR><\/SPAN><SPAN title=\"El teatro pertenece al Hotel Renaissance Jaragua Hotel &amp; Casino el cual ofrece el servicio tradicional a sus hu\u00e9spedes contempor\u00e1nea.\" closure_uid_ws9ar1=\"18\">The theater belongs to the Hotel Renaissance Jaragua Hotel &amp; Casino which offers the traditional service to its guests contemporary. <\/SPAN><SPAN title=\"Este hotel de 300 habitaciones se caracteriza por su elegante estilo caribe\u00f1o.\" closure_uid_ws9ar1=\"19\">This 300-room hotel is characterized by elegant Caribbean style. <\/SPAN><SPAN title=\"Localizado en la Costa Caribe\u00f1a de Santo Domingo con una espectacular vista al mar.\" closure_uid_ws9ar1=\"20\">Located on the Caribbean Coast of Santo Domingo with a spectacular ocean view.<BR><BR><\/SPAN><SPAN title=\"Direcci\u00f3n: Avenida George Washigton (El Malec\u00f3n) #367, sector Gazcue, Santo Domingo.\" closure_uid_ws9ar1=\"21\">Address: Avenida George Washigton (El Malec\u00f3n) # 367, Gazcue sector, Santo Domingo. <\/SPAN><SPAN title=\"Referencias: Forma parte de Renaissance Jaragua Hotel, Resort &amp; Casino.\" closure_uid_ws9ar1=\"22\">References: Part of Renaissance Jaragua Hotel, Resort &amp; Casino.<\/SPAN><\/SPAN><\/P><br \/>\n<P><B><STRONG><IMG class=thinborderfloat1 border=0 hspace=10 alt=\"TEATRO NACIONAL \" src=\"\/Portal\/noticias\/teatro.jpg\" width=65 align=left height=65><\/STRONG><\/B><STRONG>NATIONAL THEATER <\/STRONG><BR><BR>An official entity created in August 1973, it is the main center for shows and theatrical productions in the Dominican Republic. It houses three theaters: Eduardo Brito, the main theater, with capacity for 1,800 people; the Ravelo theater, which accommodates up to 200 people and the Culture room, with 225 seats. <BR><BR>Throughout almost the whole year the Ravelo presents plays by the best playwrights in the country. The Eduardo Brito is the stage for larger-scale plays, although less often, because it houses shows from popular stars, symphonic concerts and ballet productions.&nbsp; <BR><BR>The culture room offers musical appreciation and theater courses, at different times throughout the year, amongst other artistic activities.<BR><BR>Address: Ave. M\u00e1ximo G\u00f3mez, Plaza de la Cultura, Gazcue, Santo Domingo.<BR><BR>Telephone: (809) 687-3191 <BR>Fax: (809)- 685-7127 <BR>E-Mail: <A href=\"mailto:teatro@codetel.net.do\">teatro@codetel.net.do <\/A><BR>Website: <A href=\"http:\/\/www.teatronacional.com.do\" target=_blank>www.teatronacional.com.do<\/A><\/P><br \/>\n<P><B><STRONG><IMG class=thinborderfloat1 border=0 hspace=10 alt=\"GRAN TEATRO CIBAO\" src=\"\/Portal\/noticias\/Gran_Teatro_del_Cibao_65.jpg\" width=65 align=left height=65><\/STRONG><\/B><STRONG>GRAN TEATRO CIBAO <\/STRONG><BR><BR>It is the most important of all spaces for shows and theatrical productions in the city of Santiago and the Cibao region. This space is the location for many productions, both classical and popular in style<BR><BR>On the premises they offer theater courses and musical appreciation classes, talks on popular music and current affair debates.&nbsp; <BR><BR>Address: Calle Las Carreras, \u00c1rea Monumental, Santiago de los Caballeros. <BR>Telephone: (809) 583-1150 <BR>Fax: 809- 583-1669 <\/P><br \/>\n<P><B><STRONG><IMG class=thinborderfloat1 border=0 hspace=10 alt=\"GRAN TEATRO CIBAO\" src=\"\/Portal\/noticias\/bellas_artes_65.jpg\" width=65 align=left height=65><\/STRONG><\/B><B>Compa\u00f1\u00eda Nacional de Teatro <\/B><BR><BR>It is the official body appointed by the National Office of Fine Arts. It organizes popular productions for the general public. Its work includes the staging of plays, as well as lectures on poetry and theatre plays.&nbsp; <BR><BR>Address: Plaza del Conservatorio, calle C\u00e9sar Nicol\u00e1s Penson, Santo Domingo. <BR>Telephone: 809- 689-8251<br \/>\n<P><B><STRONG><IMG class=thinborderfloat1 border=0 hspace=10 alt=\"GRAN TEATRO CIBAO\" src=\"\/Portal\/noticias\/casa_teatro_65.jpg\" width=65 align=left height=65><\/STRONG><\/B><B>Casa de Teatro <\/B><BR><BR>One of the most active cultural centers in the country, since Freddy Ginebra founded it in 1974.&nbsp; Throughout the year, this 250-seater space offers theatrical productions and musical productions. In the same building there are gallery rooms, which houses painting and photographic displays and other artistic exhibitions. There is also a theatre caf\u00e9 that offers concerts every night.<BR><BR>Address: Arzobispo Meri\u00f1o 110, Zona Colonial, Santo Domingo,<BR><BR>Tel.: 809 689 3430 &#8211; Fax: 809 221 3056 <BR>E-mail: <A href=\"mailto:casadeteatro@verizon.net.do\">casadeteatro@verizon.net.do <\/A><BR><A href=\"http:\/\/www.casadeteatro.com\" target=_blank>http: \/\/www.casadeteatro.com <\/A><br \/>\n<P><B>La Cuarta Espacio Teatral <\/B><BR><BR>It is the space for alternative independent theatre, founded in 1999 by a group of young Dominican theater actors. It stages plays throughout the year. <BR><BR>Calle El Conde, esquina Espaillat, cuarto piso, Zona Colonial <BR>Telephone: 809-482-0730 <BR>E-mail: <A href=\"mailto:espacioteatral@gmail.com\">espacioteatral@gmail.com<\/A> <BR><A href=\"mailto:espacioteatral@hotmail.com\">espacioteatral@hotmail.com <\/A><\/P><\/TD><\/TR><\/TBODY><\/TABLE><br \/>\n<P>&nbsp;<\/P><\/SPAN><\/p>","protected":false},"excerpt":{"rendered":"<p>Theaters in Dominican Republic \u00b7 Bar and Restaurants &nbsp; \u00b7 Theaters &nbsp; Teatro Las M\u00e1scaras Las M\u00e1scaras, under the direction of Germana Quintana and Lidia Ariza. It offers productions on weekends, On several Thursdays throughout the year it presents \u201cmonologue Thursdays\u201d when actors from different schools of acting and styles perform for a month. Address: &hellip; <a href=\"https:\/\/www.dominicanaonline.org\/en\/teatro_lista\/\" class=\"more-link\">Continue reading<span class=\"screen-reader-text\"> &#8220;Theaters in Dominican Republic&#8221;<\/span><\/a><\/p>\n","protected":false},"author":1,"featured_media":0,"parent":0,"menu_order":0,"comment_status":"open","ping_status":"open","template":"","meta":{"footnotes":""},"class_list":["post-5650","page","type-page","status-publish","hentry"],"_links":{"self":[{"href":"https:\/\/www.dominicanaonline.org\/en\/wp-json\/wp\/v2\/pages\/5650"}],"collection":[{"href":"https:\/\/www.dominicanaonline.org\/en\/wp-json\/wp\/v2\/pages"}],"about":[{"href":"https:\/\/www.dominicanaonline.org\/en\/wp-json\/wp\/v2\/types\/page"}],"author":[{"embeddable":true,"href":"https:\/\/www.dominicanaonline.org\/en\/wp-json\/wp\/v2\/users\/1"}],"replies":[{"embeddable":true,"href":"https:\/\/www.dominicanaonline.org\/en\/wp-json\/wp\/v2\/comments?post=5650"}],"version-history":[{"count":0,"href":"https:\/\/www.dominicanaonline.org\/en\/wp-json\/wp\/v2\/pages\/5650\/revisions"}],"wp:attachment":[{"href":"https:\/\/www.dominicanaonline.org\/en\/wp-json\/wp\/v2\/media?parent=5650"}],"curies":[{"name":"wp","href":"https:\/\/api.w.org\/{rel}","templated":true}]}}