




{"id":3906,"date":"2010-06-11T06:08:56","date_gmt":"2010-06-11T02:08:56","guid":{"rendered":"http:\/\/www.dominicana-online.org\/?p=3906"},"modified":"2010-06-11T06:08:56","modified_gmt":"2010-06-11T02:08:56","slug":"parques_des","status":"publish","type":"page","link":"https:\/\/www.dominicanaonline.org\/en\/parques_des\/","title":{"rendered":"National Parks"},"content":{"rendered":"<p><SPAN class=grantitulo>National Parks<\/SPAN> <BR><BR><BR><br \/>\n<DIV id=navcontainer><br \/>\n<UL id=navlist><br \/>\n<LI><A href=\"cpo_parques0.asp\">Map <\/A><br \/>\n<LI id=active><A id=current href=\"#\">Description<\/A><br \/>\n<LI><A href=\"cpo_parques_pro.asp\">Protected Areas<\/A><br \/>\n<LI><A href=\"cpo_parques_res.asp\">Scientific Preserves<\/A> <\/LI><\/UL><\/DIV><br \/>\n<P class=quote><STRONG>National Parks<\/STRONG><br \/>\n<P>The national parks are spaces that enjoy a certain legal status which encourages the protection and conservation of the natural resources. The beauty of the landscapes, the varied ecosystems and the unique flora, fauna and geological formations all possess ecological, aesthetic, educational and scientific value.<\/P><br \/>\n<P>The Dominican Republic possesses the following parks:<\/P><br \/>\n<P><STRONG>Lake<\/STRONG><STRONG> Enriquillo National Park<\/STRONG><STRONG><\/STRONG><\/P><br \/>\n<P>Lake Enriquillo National Park is comprised of Lake Enriquillo and the surrounding area. It is located in the Neiba Valley in the southeast section of the country. The park has a striking landscape, with the Neiba range to the north and the Bahoruco range to the south. Both mountain ranges reach more than 2000 meters above sea level. <BR>At 265 square kilometers, this park is the largest in all the Antilles, although the area is not constant.<\/P><br \/>\n<P><STRONG>Cabritos<\/STRONG><STRONG> Island National Park<\/STRONG><STRONG><\/STRONG><\/P><br \/>\n<P>The Cabritos Island National Park is comprised of a small island within Lake Enriquillo, located in the southwest of the country between the Neiba Range and the Bahoruco range. It is bordered in part by the international highway which connects the Dominican Republic with Haiti and is approximately 12 square kilometers.<\/P><br \/>\n<P>The island\u2019s vegetation is dry and thorny tropical forest with little rainfall and a hot climate that varies little throughout the year.<\/P><br \/>\n<P>The wildlife is rich and varied, with reptiles such as the American crocodile. It is also hosts over a hundred species of tropical birds, among them the heron and the flamingo.<\/P><br \/>\n<P><STRONG>Los<\/STRONG><STRONG> Haitises National Park<\/STRONG><STRONG><\/STRONG><\/P><br \/>\n<P>This park encompasses the municipality of Sabana de la Mar in the province of Hato Mayor, as well as the Monte Plata and Saman\u00e1 provinces. Its borders and area have been changed several times and are currently undefined.<\/P><br \/>\n<P>Los Haitises constitutes a tropical karst (topography of carbonate rock) in limestone hillocks. Its vegetation is humid tropical forest. It is one of the most biodiverse areas of the Caribbean with more than 700 plant species.<\/P><br \/>\n<P>The landscape of Los Haitises National Park features the striking San Lorenzo Bay as well as impressive cays and mangrove forests.<\/P><br \/>\n<P><STRONG>Jaragua<\/STRONG><STRONG> National Park<\/STRONG><STRONG><\/STRONG><\/P><br \/>\n<P>This park occupies the southern tip of the Barahona Peninsula, in the southeastern Dominican Republic. It encompasses the Beata and Alto Velo islands as well as the cays known as Los Frailes and Piedra Negra. With its 1,374 square kilometers, the Jaragua National Park is one of the largest protected areas of the Caribbean islands.<\/P><br \/>\n<P>The Jaragua National Park uniquely and incomparably represents the pristine nature of the Antilles, particularly the arid ecosystem and the sea coast ecosystem<\/P><br \/>\n<P>In addition to the twelve types of land vegetation, the park has beaches, rocky coast, wetlands, sea grass, coral reefs, cays and islands. <\/P><br \/>\n<P>Jaragua is also the habitat of many resident and migratory birds. More than 130 species of birds have been counted, with 76 native species, 10 endemic and 47 migratory species.<BR>&nbsp;<BR><STRONG>Armando<\/STRONG><STRONG> Berm\u00fadez National Park<\/STRONG><STRONG><\/STRONG><\/P><br \/>\n<P>The setoff in which this park is located is abrupt and it shares with the Jos\u00e9 del Carmen National Park the distinction of being the highest park in the Antilles. The Duarte Peak is 3,175 meters above sea level, followed in order of magnitude by La Pelona peak (3,097 meters), the Yaque peak (2,760 meters) and La Rusilla peak (3,038 meters.)<\/P><br \/>\n<P>Native pine is the most abundant flora of this park. Among the bird species there is the cockatoo, native to the island of Hispaniola; the woodpecker; the Dominican Republic\u2019s national bird, the palmchat, as well as the parrot and the red-tailed hawk. Among the mammals found in the park are the wild boar, the hutia rodent and the mouse.<\/P><br \/>\n<P><STRONG>Jos\u00e9 del Carmen Ramirez National Park<\/STRONG><\/P><br \/>\n<P>Contiguous with the Armando Berm\u00fadez National Park, this park possesses the largest hydrologic resources. The Jos\u00e9 del Carmen Ramirez and the Armando Berm\u00fadez parks are where the major rivers originate that irrigate the San Juan Valley and provide electrical energy for the surrounding area. The Southern Yaque River and all its tributaries begin here, watering almost 80,000 hectares.<\/P><br \/>\n<P>The temperature levels in the park are low, between 12 and 18 degrees centigrade. In the Valley del Tetero there are frosts with temperatures dropping to 4 or 5 below zero centigrade. These temperatures favor camping activities.<\/P><br \/>\n<P>The principal species of this protected area are biologically significant due to their location in the high mountain region.<\/P><br \/>\n<P><STRONG>Sierra del Bahoruco National Park<\/STRONG><\/P><br \/>\n<P>This national park constitutes an example of climactic stability in the arid southeast of La Espa\u00f1ola. The vegetation varies widely from dry forest at sea level to humid forest in the park\u2019s center.<BR>The geological makeup of the Sierra del Bahoruco is cemented of a limestone sub-terrain, which is sedimentary and contains important species of algae.<BR>The vegetation is quite varied and of great scientific and botanic interest. There are vast pine forests, large broad-leaf trees, and ecologically important examples of mixed forest. <\/P><br \/>\n<P><STRONG>Del Este National Park<\/STRONG><\/P><br \/>\n<P>This trapezoid-shaped park is located in the extreme southeast corner of the country. It is 310 square kilometers, including the island of Saona.<\/P><br \/>\n<P>There are three types of terrain in this park classified according to Holdridge: subtropical humid forest, subtropical dry forest, and transitional forest \u2013 a mixture of tropical and dry.<\/P><br \/>\n<P>The main species of plant are the sea grape, mesquite and Hispaniolan mahogany.<\/P><br \/>\n<P>There are 112 identified bird species within the park limits which make up more than half the species found in the whole country. Of that total, 8 are endemic to the island and 11 species are endemic to the Caribbean.<\/P><br \/>\n<P>Marine mammals found in the park include the endangered manatee and the dolphin.<\/P><\/p>","protected":false},"excerpt":{"rendered":"<p>National Parks Map Description Protected Areas Scientific Preserves National Parks The national parks are spaces that enjoy a certain legal status which encourages the protection and conservation of the natural resources. The beauty of the landscapes, the varied ecosystems and the unique flora, fauna and geological formations all possess ecological, aesthetic, educational and scientific value. &hellip; <a href=\"https:\/\/www.dominicanaonline.org\/en\/parques_des\/\" class=\"more-link\">Continue reading<span class=\"screen-reader-text\"> &#8220;National Parks&#8221;<\/span><\/a><\/p>\n","protected":false},"author":1,"featured_media":0,"parent":0,"menu_order":0,"comment_status":"open","ping_status":"open","template":"","meta":{"footnotes":""},"class_list":["post-3906","page","type-page","status-publish","hentry"],"_links":{"self":[{"href":"https:\/\/www.dominicanaonline.org\/en\/wp-json\/wp\/v2\/pages\/3906"}],"collection":[{"href":"https:\/\/www.dominicanaonline.org\/en\/wp-json\/wp\/v2\/pages"}],"about":[{"href":"https:\/\/www.dominicanaonline.org\/en\/wp-json\/wp\/v2\/types\/page"}],"author":[{"embeddable":true,"href":"https:\/\/www.dominicanaonline.org\/en\/wp-json\/wp\/v2\/users\/1"}],"replies":[{"embeddable":true,"href":"https:\/\/www.dominicanaonline.org\/en\/wp-json\/wp\/v2\/comments?post=3906"}],"version-history":[{"count":0,"href":"https:\/\/www.dominicanaonline.org\/en\/wp-json\/wp\/v2\/pages\/3906\/revisions"}],"wp:attachment":[{"href":"https:\/\/www.dominicanaonline.org\/en\/wp-json\/wp\/v2\/media?parent=3906"}],"curies":[{"name":"wp","href":"https:\/\/api.w.org\/{rel}","templated":true}]}}