




{"id":1809,"date":"2007-09-19T23:27:36","date_gmt":"2007-09-19T19:27:36","guid":{"rendered":"http:\/\/www.dominicana-online.org\/?p=1809"},"modified":"2007-09-19T23:27:36","modified_gmt":"2007-09-19T19:27:36","slug":"registrocivil","status":"publish","type":"page","link":"https:\/\/www.dominicanaonline.org\/en\/registrocivil\/","title":{"rendered":"Civil Registry"},"content":{"rendered":"<p><P class=grantitulo>Civil Registry<BR><SPAN class=texto><BR><\/SPAN><\/P><br \/>\n<P class=texto>La Rep\u00fablica Dominicana cuenta con 161 Oficial\u00edas del Estado Civil, cuyo organismo rector es la Junta Central Electoral (JCE). Actualmente hay otras 16 en proceso de formaci\u00f3n.<\/P><br \/>\n<P class=texto>Las Oficial\u00edas del Estado Civil se clasifican en tres categor\u00edas que son, primera, segunda y tercera, de acuerdo al volumen de sus archivos, sus servicios, territorio y cantidad de operaciones y tasaciones.<\/P><br \/>\n<P class=texto>A continuaci\u00f3n, un listado de las 161 con sus respectivas categor\u00edas, direcciones y tel\u00e9fonos: (Haga Click sobre cada estado) <\/P><br \/>\n<P class=texto><EMBED type=application\/x-shockwave-flash pluginspage=http:\/\/www.macromedia.com\/go\/getflashplayer height=370 width=500 src=mapa_registro.swf quality=\"high\"><\/EMBED> <\/P><\/p>","protected":false},"excerpt":{"rendered":"<p>Civil Registry La Rep\u00fablica Dominicana cuenta con 161 Oficial\u00edas del Estado Civil, cuyo organismo rector es la Junta Central Electoral (JCE). Actualmente hay otras 16 en proceso de formaci\u00f3n. Las Oficial\u00edas del Estado Civil se clasifican en tres categor\u00edas que son, primera, segunda y tercera, de acuerdo al volumen de sus archivos, sus servicios, territorio &hellip; <a href=\"https:\/\/www.dominicanaonline.org\/en\/registrocivil\/\" class=\"more-link\">Continue reading<span class=\"screen-reader-text\"> &#8220;Civil Registry&#8221;<\/span><\/a><\/p>\n","protected":false},"author":1,"featured_media":0,"parent":0,"menu_order":0,"comment_status":"open","ping_status":"open","template":"","meta":{"footnotes":""},"class_list":["post-1809","page","type-page","status-publish","hentry"],"_links":{"self":[{"href":"https:\/\/www.dominicanaonline.org\/en\/wp-json\/wp\/v2\/pages\/1809"}],"collection":[{"href":"https:\/\/www.dominicanaonline.org\/en\/wp-json\/wp\/v2\/pages"}],"about":[{"href":"https:\/\/www.dominicanaonline.org\/en\/wp-json\/wp\/v2\/types\/page"}],"author":[{"embeddable":true,"href":"https:\/\/www.dominicanaonline.org\/en\/wp-json\/wp\/v2\/users\/1"}],"replies":[{"embeddable":true,"href":"https:\/\/www.dominicanaonline.org\/en\/wp-json\/wp\/v2\/comments?post=1809"}],"version-history":[{"count":0,"href":"https:\/\/www.dominicanaonline.org\/en\/wp-json\/wp\/v2\/pages\/1809\/revisions"}],"wp:attachment":[{"href":"https:\/\/www.dominicanaonline.org\/en\/wp-json\/wp\/v2\/media?parent=1809"}],"curies":[{"name":"wp","href":"https:\/\/api.w.org\/{rel}","templated":true}]}}