




{"id":1637,"date":"2007-04-12T13:24:24","date_gmt":"2007-04-12T09:24:24","guid":{"rendered":"http:\/\/www.dominicana-online.org\/?p=1637"},"modified":"2007-04-12T13:24:24","modified_gmt":"2007-04-12T09:24:24","slug":"efemerides_ene","status":"publish","type":"page","link":"https:\/\/www.dominicanaonline.org\/en\/efemerides_ene\/","title":{"rendered":"Efem\u00e9rides"},"content":{"rendered":"<p><P class=grantitulo>Efem\u00e9rides<\/P><EMBED type=application\/x-shockwave-flash pluginspage=http:\/\/www.macromedia.com\/go\/getflashplayer height=130 width=500 src=efemerides1.swf quality=\"high\"><\/EMBED><br \/>\n<TABLE cellSpacing=0 cellPadding=0 width=\"95%\" bgColor=#669900 border=0><br \/>\n<TBODY><br \/>\n<TR><br \/>\n<TD><br \/>\n<TABLE class=texto cellSpacing=1 cellPadding=1 width=\"100%\" border=0><br \/>\n<TBODY><br \/>\n<TR bgColor=#669900><br \/>\n<TD class=blanco height=20 colSpan=2><SPAN class=titulo>ENERO<\/SPAN><\/TD><\/TR><br \/>\n<TR bgColor=#e1ffe1><br \/>\n<TD height=20 colSpan=2><STRONG>1 de Enero: D\u00eda de A\u00f1o Nuevo<\/STRONG><\/TD><\/TR><br \/>\n<TR bgColor=#e2e2e2><br \/>\n<TD width=65><br \/>\n<P><IMG border=0 alt=Enero src=\"\/Portal\/noticias\/fuegos.jpg\"> <\/P><\/TD><br \/>\n<TD>Es la fiesta que conmemora el inicio de un nuevo a\u00f1o. La fecha en que se realiza esta celebraci\u00f3n depende del tipo de calendario utilizado, siendo la m\u00e1s com\u00fan el 1 de enero, fecha seg\u00fan el calendario gregoriano, usado en la mayor\u00eda de los pa\u00edses del mundo<\/TD><\/TR><br \/>\n<TR bgColor=#e1ffe1><br \/>\n<TD height=20 colSpan=2><STRONG>6 de Enero: D\u00eda de los Santos Reyes&nbsp; Magos<\/STRONG><\/TD><\/TR><br \/>\n<TR bgColor=#e2e2e2><br \/>\n<TD width=65><IMG border=0 alt=Enero src=\"\/Portal\/noticias\/reyes_magos_65.gif\"><\/TD><br \/>\n<TD>En este d\u00eda se recuerda la llegada de los Tres Reyes Magos a Bel\u00e9n para entregarle obsequios al Ni\u00f1o Jes\u00fas. Se cuenta de unos magos vinieron de oriente buscando al nuevo rey que habr\u00eda de nacer. Se asume que eran &#8220;sabios&#8221; o astr\u00f3nomos, porque ven\u00edan siguiendo una estrella que presagiaba la llegada del nuevo rey. Como ven\u00edan con regalos, la tradici\u00f3n los describe como reyes bondadosos.<\/TD><\/TR><br \/>\n<TR bgColor=#e1ffe1><br \/>\n<TD height=20 colSpan=2><br \/>\n<P><STRONG>21 de enero: D\u00eda de Nuestra Se\u00f1ora de la Altagracia (madre espiritual de los dominicanos)<\/STRONG><\/P><\/TD><\/TR><br \/>\n<TR bgColor=#e2e2e2><br \/>\n<TD><IMG border=0 alt=Enero src=\"\/Portal\/noticias\/altagracia.jpg\"><\/TD><br \/>\n<TD>D\u00eda dedicado a la adoraci\u00f3n y culto a la Virgen de la Altagracia, la Madre Espiritual de los Dominicanos. El 21 de enero de 1689 los hig\u00fceyanos participaron en una batalla en la Sabana de la Limonade contra la parte francesa de la isla que obedec\u00eda \u00f3rdenes de la corona de apoderarse de todo el territorio. Los nativos ofrecieron celebrar el recuerdo de aquella fecha si obten\u00edan la victoria y llevaron en memoria una espada al santuario de la virgen, en Hig\u00fcey. Desde entonces se celebra en esa fecha el D\u00eda de la Altagracia.<\/TD><\/TR><br \/>\n<TR bgColor=#e1ffe1><br \/>\n<TD height=20 colSpan=2><br \/>\n<P><STRONG>26 de Enero: D\u00eda del patricio Juan Pablo Duarte<\/STRONG><\/P><\/TD><\/TR><br \/>\n<TR bgColor=#e2e2e2><br \/>\n<TD width=65><IMG border=0 alt=Enero src=\"\/Portal\/noticias\/duarte.jpg\" align=left><\/TD><br \/>\n<TD>En esta fecha se conmemora el nacimiento del Padre de la Patria, Juan Pablo Duarte y Diez, quien naci\u00f3 en la ciudad de Santo Domingo en el a\u00f1o 1813, durante el per\u00edodo conocido como el de la &#8220;Espa\u00f1a Boba&#8221;. Sus padres fueron Juan Jos\u00e9 Duarte, oriundo de Vejer de la Frontera en la provincia espa\u00f1ola de C\u00e1diz, y Manuela Diez Jim\u00e9nez, oriunda de El Seibo, hija a su vez de padre espa\u00f1ol y madre dominicana. <\/TD><\/TR><br \/>\n<TR bgColor=#e1ffe1><br \/>\n<TD height=20 colSpan=2><br \/>\n<P><STRONG>31 de Enero: D\u00eda Nacional de la Juventud<\/STRONG><\/P><\/TD><\/TR><br \/>\n<TR bgColor=#e2e2e2><br \/>\n<TD><IMG border=0 alt=Enero src=\"\/Portal\/noticias\/juventud.jpg\" align=left><\/TD><br \/>\n<TD>Se hizo coincidir la celebraci\u00f3n de este d\u00eda con el de San Juan Bosco, \u201cEl Padre y Maestro de la Juventud\u201d, un santo que dedic\u00f3 su vida al trabajo por la recuperaci\u00f3n de os adolescentes y j\u00f3venes de las calles, delincuentes y trabajadores que vivieron en la segunda mitad del siglo XIX en Italia.<\/TD><\/TR><\/TBODY><\/TABLE><\/TD><\/TR><\/TBODY><\/TABLE><\/p>","protected":false},"excerpt":{"rendered":"<p>Efem\u00e9rides ENERO 1 de Enero: D\u00eda de A\u00f1o Nuevo Es la fiesta que conmemora el inicio de un nuevo a\u00f1o. La fecha en que se realiza esta celebraci\u00f3n depende del tipo de calendario utilizado, siendo la m\u00e1s com\u00fan el 1 de enero, fecha seg\u00fan el calendario gregoriano, usado en la mayor\u00eda de los pa\u00edses del &hellip; <a href=\"https:\/\/www.dominicanaonline.org\/en\/efemerides_ene\/\" class=\"more-link\">Continue reading<span class=\"screen-reader-text\"> &#8220;Efem\u00e9rides&#8221;<\/span><\/a><\/p>\n","protected":false},"author":1,"featured_media":0,"parent":0,"menu_order":0,"comment_status":"open","ping_status":"open","template":"","meta":{"footnotes":""},"class_list":["post-1637","page","type-page","status-publish","hentry"],"_links":{"self":[{"href":"https:\/\/www.dominicanaonline.org\/en\/wp-json\/wp\/v2\/pages\/1637"}],"collection":[{"href":"https:\/\/www.dominicanaonline.org\/en\/wp-json\/wp\/v2\/pages"}],"about":[{"href":"https:\/\/www.dominicanaonline.org\/en\/wp-json\/wp\/v2\/types\/page"}],"author":[{"embeddable":true,"href":"https:\/\/www.dominicanaonline.org\/en\/wp-json\/wp\/v2\/users\/1"}],"replies":[{"embeddable":true,"href":"https:\/\/www.dominicanaonline.org\/en\/wp-json\/wp\/v2\/comments?post=1637"}],"version-history":[{"count":0,"href":"https:\/\/www.dominicanaonline.org\/en\/wp-json\/wp\/v2\/pages\/1637\/revisions"}],"wp:attachment":[{"href":"https:\/\/www.dominicanaonline.org\/en\/wp-json\/wp\/v2\/media?parent=1637"}],"curies":[{"name":"wp","href":"https:\/\/api.w.org\/{rel}","templated":true}]}}