




{"id":1558,"date":"2007-02-02T17:33:29","date_gmt":"2007-02-02T13:33:29","guid":{"rendered":"http:\/\/www.dominicana-online.org\/?p=1558"},"modified":"2007-02-02T17:33:29","modified_gmt":"2007-02-02T13:33:29","slug":"simbolos_work","status":"publish","type":"page","link":"https:\/\/www.dominicanaonline.org\/en\/simbolos_work\/","title":{"rendered":"Official Country Symbols\/p&gt; ???????????????????????????????????????????????????????????????????????????????????????????????????????????????????????????????????????????????????????????????????????????????????????????????????????????????????????????????????????????????????????????????????????????????????????????"},"content":{"rendered":"<p>????????? ???????????????????????????????????????????????????????????????<br \/>\n<META name=KeyWords content=\"site search\">??????????????????????????????????????????????????????????????????????????? <LINK rel=stylesheet type=text\/css href=\"estilo_portal.css\">?????????????????????????? <!--\n?????????\n\tbackground-color: #FFFFFF;\n????\n.style1 {color: #FF00FF}\n??????\n<\/style>\n\n?????????? ????????? \n<P class=grantitulo>Official Country Symbols\/p&gt; ??????????????????????????????????????????????????????????????????????????????????????????????????????????????????????????????????????????????????????????????????????????????????????????????????????????????????????????????????????????????????????????????????????????????????????????? \n<H5 class=texto><STRONG>La bandera<\/STRONG><BR>?????????????????????????????????????????????????????????????????????????? vspace=\"3\" width=\"150\" height=\"99\"&gt; ?????????????????????????????????????????????????????????????????????????????????????????????????????????????????????????????????????????????????????????????????????????????????????????????????????????????????????????????????????????????????????????????????????????????????????????????????????????????????????????????????????????????? \n<P class=texto>La primera bandera nacional presentaba la misma distribuci\u00f3n en bandas de los colores de la bandera haitiana: los cuarteles azules arriba y los rojos abajo. Posteriormente, esta distribuci\u00f3n de los cuarteles fue cambiada. La cruz blanca, colocada como expresi\u00f3n de libertad, ha prevalecido desde el dise\u00f1o original. <\/P>?????????????????????????????????????????????????????????????????????????????????????????????????????????????????????????????????????????????????????????????????????????????????????????????????????????????????????????????????????????????????????????????? \n<P class=texto>Las reformas constitucionales han registrado los cambios \u2013ligeros\u2013 que ha sufrido el pa\u00f1o tricolor en m\u00e1s de 150 a\u00f1os de existencia: <\/P>?????????????????????????????????????????????????? <\/STRONG>El <A p < m&uacute;sica. puso le Reyes Jos&eacute; compositor el y letras las escribi&oacute; Prud?Homme Emilio 1883. en originalmente escrito fue ???????????????????????????????????????????????????????????????????????????????????????????????????????>??????????????????????????????????????????????????????????????????????????????????????????????????????????????????????????????????????????????????????????????????????????????????????????????????????????????????????????????????????????????????????????????????????????????????????????????????????????????????????????????????????????????????????????????????????????????? \n<P class=texto>El 17 de agosto de 1883 el himno se estren\u00f3 en una velada que celebr\u00f3 la prensa nacional en la Logia Esperanza de Santo Domingo. Fue el inicio de su popularizaci\u00f3n. Para sus autores, la pieza ten\u00eda un objetivo preciso: realzar el sentimiento de la nacionalidad dominicana en un pa\u00eds que apenas sal\u00eda de un periodo anexionista que revel\u00f3 los fuertes v\u00ednculos que un\u00edan a muchos ciudadanos a Espa\u00f1a. <\/P>?????????????????????????????????????????????????????????????????????????????????????????????????????????????????????????????????????????????????????????????????????????????????????????????????????????????????????????????????????????????????????????????????????????????????????????????????????????????????????????????????????????????????????????????????????????????????????????????????????????????????????????????????????????????????????????????????????????? \n<P class=texto>Prud'Homme corrigi\u00f3 su texto en 1897 y produjo la versi\u00f3n definitiva. El 7 de junio del mismo a\u00f1o el Congreso Nacional oficializ\u00f3 la composici\u00f3n como himno nacional. <\/P>???????????????????????????????????????????????????????????????????????????????????????????????????????????????????????????????????????????????????????????????????????????????????????????????????????????????????????????????????????????????????????????????????????????????????????????????????????????????????????????????????????????????????????????????????????????????????????? \n<P class=texto>El Art\u00edculo 97 de la Constituci\u00f3n dice que \"El Himno Nacional es la composici\u00f3n musical consagrada por la Ley No. 700, de fecha 30 de mayo de 1934, y es invariable, \u00fanico y eterno\".<\/P>??????????????????????????????????????????????????? <IMG class=texto border=0 hspace=5 src=\"\/portal\/noticias\/escudo.gif\" align=right \n\n<p ?????????????????????????????????????????????????????????????????????????????????????????????????????????????????????????????????????????????????????????????????????????????????????????????????????????????????????????????????????????????????????????????????????>En el centro exhibe el escudo cl\u00e1sico con punta en la parte inferior y cerrado en alto de un tri\u00e1ngulo con punta abajo, con los colores nacionales. Sobre \u00e9l, al centro seis astas porta-banderas, con cuatro banderas recogidas en la parte inferior, que sostienen la Biblia abierta y encima una cruz. <\/A>\n<P><\/P>????????????????????????????????????????????????????????????????????????????????????????????????????????????????????????????????????????????????????????????????????????????????????????????????????????????????????????????????????????????????????????????????????????????????????????????????????????????????????????????????????????????????????????????????????????????????????????????? \n<P class=texto><STRONG>Evoluci\u00f3n del escudo<BR>????????????????????????????????????????????????????????????????????????????????????????????????????????????????????????????????????????????????????????????????????????????????????????????????????????????????????????????????????????????????????????????????????????? \n<P class=texto>El primer escudo de armas ten\u00eda dos ramas exteriores de laurel. Debajo, en forma de arco, estaba una serpiente mordiendo y tragando su cola. Era el signo de la eterna evoluci\u00f3n. En un tercer plano se mostraba el libro de los Evangelios, y detr\u00e1s de \u00e9ste un trofeo de armas que inclu\u00eda una lanza y un fusil con bayoneta; un sable y una corneta; sobre el libro pend\u00eda una bandera dominicana. Otras dos banderas dominicanas centraban el segundo plano, con un gorro frigio en el cruce de las astas. Era un s\u00edmbolo de libertad. Una cinta ancha con las palabras \"Rep\u00fablica Dominicana\u201d ocupaba la parte inferior y a ambos lados dos ca\u00f1ones con sus respectivas balas. <\/P>????????????????????????????????????????????????????????????????????????????????????????????????????????????????????????????????????????????????????????????????????????????????????????????????????????????????????????????????????????????????????????????????????????????????????????????????????????????????????????????????????????????????????????????????????????????????????????????????????????????????????????????????????????????????????????????????? \n<P><SPAN class=texto>El uso indistinto del original escudo y sus variantes se mantuvo hasta el a\u00f1o 1913, cuando se oficializ\u00f3 el dise\u00f1o actual. El decreto lo expidi\u00f3 el gobierno de Monse\u00f1or No \u00fc el. El mismo decreto precis\u00f3 los tonos a utilizar: azul ultramar y rojo bermell\u00f3n. <\/SPAN><BR>?????????? <\/P>?????????? ?<\/STRONG><\/H5>\n<\/p>","protected":false},"excerpt":{"rendered":"<p>????????? ??????????????????????????????????????????????????????????????? ??????????????????????????????????????????????????????????????????????????? ??????????????????????????<\/p>\n","protected":false},"author":1,"featured_media":0,"parent":0,"menu_order":0,"comment_status":"open","ping_status":"open","template":"","meta":{"footnotes":""},"class_list":["post-1558","page","type-page","status-publish","hentry"],"_links":{"self":[{"href":"https:\/\/www.dominicanaonline.org\/en\/wp-json\/wp\/v2\/pages\/1558"}],"collection":[{"href":"https:\/\/www.dominicanaonline.org\/en\/wp-json\/wp\/v2\/pages"}],"about":[{"href":"https:\/\/www.dominicanaonline.org\/en\/wp-json\/wp\/v2\/types\/page"}],"author":[{"embeddable":true,"href":"https:\/\/www.dominicanaonline.org\/en\/wp-json\/wp\/v2\/users\/1"}],"replies":[{"embeddable":true,"href":"https:\/\/www.dominicanaonline.org\/en\/wp-json\/wp\/v2\/comments?post=1558"}],"version-history":[{"count":0,"href":"https:\/\/www.dominicanaonline.org\/en\/wp-json\/wp\/v2\/pages\/1558\/revisions"}],"wp:attachment":[{"href":"https:\/\/www.dominicanaonline.org\/en\/wp-json\/wp\/v2\/media?parent=1558"}],"curies":[{"name":"wp","href":"https:\/\/api.w.org\/{rel}","templated":true}]}}