




{"id":1513,"date":"2007-02-02T17:32:45","date_gmt":"2007-02-02T13:32:45","guid":{"rendered":"http:\/\/www.dominicana-online.org\/?p=1513"},"modified":"2007-02-02T17:32:45","modified_gmt":"2007-02-02T13:32:45","slug":"orografia2","status":"publish","type":"page","link":"https:\/\/www.dominicanaonline.org\/en\/orografia2\/","title":{"rendered":"Sierras"},"content":{"rendered":"<p><P class=grantitulo>Sierras<BR><BR><\/SPAN><\/P><br \/>\n<TABLE cellPadding=5 width=\"93%\" border=0><br \/>\n<TBODY><br \/>\n<TR><br \/>\n<TD class=texto vAlign=top width=101><A href=\"cpo_orografia1.asp\" target=_top><U>Mountain Ranges<\/U><BR><\/A><BR><A href=\"cpo_orografia2.asp\" target=_top><U>Sierras<\/U><\/A><U><BR><BR><\/U><A href=\"cpo_orografia3.asp\" target=_top><U>Karstic regions<\/U><\/A><U><BR><BR><\/U><A href=\"cpo_orografia4.asp\" target=_top><U>Valleys<\/U><\/A><U><BR><BR><\/U><A href=\"cpo_orografia5.asp\" target=_top><U>Elevations<\/U><\/A> <BR><BR><A href=\"cpo_orografia6.asp\" target=_top><U>Important Elevations <\/U><\/A>&nbsp;<BR><\/TD><br \/>\n<TD vAlign=top width=3>&nbsp;<\/TD><br \/>\n<TD vAlign=top><br \/>\n<P class=texto>There are five sierras (or mountain chains) in the Dominican Republic: Sierra de Neiba, Sierra de Bahoruco, Cierra Mart\u00edn Garc\u00eda, Llamaza y Saman\u00e1.<\/P><br \/>\n<P class=texto><STRONG>Sierra de Neiba <\/STRONG><\/P><br \/>\n<P class=texto>The Sierra de Neiba continues in Haitian territory under the names Trou D&#8217;Eau and Cadena de Matheaux and is limited to the north as well as to the south by large tectonic faults. Its genesis dates back to the Oligocene period of the Cenozoic Era. The tectonic dynamic from previous periods separated the Sierra from the Sierra Mart\u00edn Garc\u00eda. It has mostly calcareous or saltpeter rocks, creating a karstic relief. The predominant inhabitable regions, with little difference between their areas, are the Wet Forest Low Mountain habitat and the very Wet Forest Low Mountain habitat.<\/P><br \/>\n<P class=texto><STRONG>Sierra de Bahoruco <\/STRONG><\/P><br \/>\n<P class=texto>The Sierra de Bahoruco continues into Haiti, where it is named Massif de la Selle, and has altitudes that reach 2,367 m. Its genesis dates to the Oligocene period of the Cenozoic Era when its first relief was formed. It presents a geomorphology of steep edges and flat valleys: the Aceitillar Basin is in the highest part of the sierra and is of Polje origin (karstic depression caused by lateral and tectonic widening). Sedimentary rocks of caliche origin are most common, creating a karstic relief much like that of the Sierra de Neiba. The predominant habitat is very Wet Forest-Low Mountain.<\/P><br \/>\n<P class=texto><B>Other sierras<\/B><\/P><br \/>\n<P class=texto>The Sierra Mart\u00edn Garc\u00eda, Sierra Llamaza and Sierra Saman\u00e1 are systems of moderate altitude and in them, the greatest quantity of extractable minerals are found, like gold and silver nugget in Yamas\u00e1 and marble in Saman\u00e1.<\/P><\/TD><\/TR><\/TBODY><\/TABLE><\/p>","protected":false},"excerpt":{"rendered":"<p>Sierras Mountain RangesSierrasKarstic regionsValleysElevations Important Elevations &nbsp; &nbsp; There are five sierras (or mountain chains) in the Dominican Republic: Sierra de Neiba, Sierra de Bahoruco, Cierra Mart\u00edn Garc\u00eda, Llamaza y Saman\u00e1. Sierra de Neiba The Sierra de Neiba continues in Haitian territory under the names Trou D&#8217;Eau and Cadena de Matheaux and is limited to &hellip; <a href=\"https:\/\/www.dominicanaonline.org\/en\/orografia2\/\" class=\"more-link\">Continue reading<span class=\"screen-reader-text\"> &#8220;Sierras&#8221;<\/span><\/a><\/p>\n","protected":false},"author":1,"featured_media":0,"parent":0,"menu_order":0,"comment_status":"open","ping_status":"open","template":"","meta":{"footnotes":""},"class_list":["post-1513","page","type-page","status-publish","hentry"],"_links":{"self":[{"href":"https:\/\/www.dominicanaonline.org\/en\/wp-json\/wp\/v2\/pages\/1513"}],"collection":[{"href":"https:\/\/www.dominicanaonline.org\/en\/wp-json\/wp\/v2\/pages"}],"about":[{"href":"https:\/\/www.dominicanaonline.org\/en\/wp-json\/wp\/v2\/types\/page"}],"author":[{"embeddable":true,"href":"https:\/\/www.dominicanaonline.org\/en\/wp-json\/wp\/v2\/users\/1"}],"replies":[{"embeddable":true,"href":"https:\/\/www.dominicanaonline.org\/en\/wp-json\/wp\/v2\/comments?post=1513"}],"version-history":[{"count":0,"href":"https:\/\/www.dominicanaonline.org\/en\/wp-json\/wp\/v2\/pages\/1513\/revisions"}],"wp:attachment":[{"href":"https:\/\/www.dominicanaonline.org\/en\/wp-json\/wp\/v2\/media?parent=1513"}],"curies":[{"name":"wp","href":"https:\/\/api.w.org\/{rel}","templated":true}]}}