




{"id":1508,"date":"2007-02-02T17:32:42","date_gmt":"2007-02-02T13:32:42","guid":{"rendered":"http:\/\/www.dominicana-online.org\/?p=1508"},"modified":"2007-02-02T17:32:42","modified_gmt":"2007-02-02T13:32:42","slug":"organica1","status":"publish","type":"page","link":"https:\/\/www.dominicanaonline.org\/en\/organica1\/","title":{"rendered":"Institutions involved in organic agriculture"},"content":{"rendered":"<p><P class=\"grantitulo style3\">Institutions involved in organic agriculture <\/P><br \/>\n<TABLE cellPadding=5 width=\"93%\" border=0><br \/>\n<TBODY><br \/>\n<TR><br \/>\n<TD vAlign=top width=101><SPAN class=style2><A href=\"cpo_organica.asp\" target=_top><U>Agricultura org\u00e1nica <\/U><\/A><BR><A href=\"cpo_organica1.asp\" target=_top><BR><U>Lista de instituciones involucradas en la agricultura org\u00e1nica <\/U><\/A><\/SPAN><SPAN class=texto><A href=\"cpo_hidrografia1.asp\" target=_top><BR><\/A><BR><\/SPAN><SPAN class=style2><A href=\"cpo_organica2.asp\" target=_self><U>Cuadro: N\u00famero de Fincas, Superficie Cultivada, Producci\u00f3n y Precio <\/U><\/A><\/SPAN><\/TD><br \/>\n<TD vAlign=top width=3>&nbsp;<\/TD><br \/>\n<TD vAlign=top><br \/>\n<P class=texto><STRONG>Caribex Dominicana, S. A. <\/STRONG><BR>C\/Avenida Central, No. 30, <BR>Santo Domingo <BR>Tel: 809 542-256 <BR>Fax: 809 542-213 <BR>Procesamiento del pur\u00e9 de mango org\u00e1nico <\/P><br \/>\n<P class=texto><STRONG>Centro de Agricultura Org\u00e1nica con Tecnolog\u00eda Apropiada (CASTA) <\/STRONG><BR>Vil2.10l0.a Altagracia <BR>Creaci\u00f3n de capacidad profesional Capacitaci\u00f3n agr\u00edcola, investigaci\u00f3n y producci\u00f3n org\u00e1nica <\/P><br \/>\n<P class=texto><STRONG>Centro Regional de Estudios de Alternativas Rurales (CREAR) <\/STRONG><BR>R\u00edo Limpio, El\u00edas Pi\u00f1a Capacitaci\u00f3n de t\u00e9cnicos cursillistas Investigaci\u00f3n y producci\u00f3n org\u00e1nica <\/P><br \/>\n<P class=texto><STRONG>Citrex Dominicana C\/Cayetano Germosen # 66 Jardines del Sur <\/STRONG><BR>Sto Domingo <BR>Tel: 809 532-7981 <BR>Fax: 809 535-2402 <BR>Comercializaci\u00f3n de productos org\u00e1nicos <\/P><br \/>\n<P class=texto><STRONG>Confederaci\u00f3n Nacional de Cacaocultores Dominicanos (CONACADO) <\/STRONG><BR>Apt. Postal 3904 C\/Transito Dominicano <BR># 1 Piedra Blanca, Haina, Sto. Domingo <BR>Tel: 809 541-8383 <BR>Fax: 809 542-3441 <BR>Pr\u00e9stamos a agricultores, capacitaci\u00f3n. <BR>Organizaci\u00f3n de productores y cadenas de comercializaci\u00f3n <\/P><br \/>\n<P class=texto><STRONG>Cooperativa de Servicios M\u00faltiples <\/STRONG>\u201c <BR>Francisco del Rosario S\u00e1nchez\u201d C\/P. <BR># 3 piso, Barrio \u201cLos Parceleros de Azua\u201d <BR>Fax: 809 521-3094 <BR>Producci\u00f3n de bananos org\u00e1nicos <\/P><br \/>\n<P class=texto><STRONG>ECOCIBAO <\/STRONG><BR>Piedra Blanca, Jarabacoa, La Vega <BR>Tel: 809 248-2600 <BR>Fax: 809 574-2020 <\/P><br \/>\n<P class=texto><STRONG>ECOFAIR S.A. y\/o SUPLIBAN <\/STRONG><BR>C\/El Arca, N.10, Arroyo Hondo, <BR>Santo Domingo, Rep\u00fablica Dominicana <BR>Tel: 809 542-8407 <BR>Fax: 809542-3441 <BR>Producci\u00f3n de bananos <\/P><br \/>\n<P class=texto><STRONG>Exportadora de Productos Ecol\u00f3gicos C&amp;A <\/STRONG><BR>C\/Leonor Feltz # 40 Minador Sur, <BR>Tel: 809 473-7463 <BR>Fax: 809473-7268 <BR>Santo Domingo Exportaci\u00f3n de productos hechos de \u201cMargosa\u201d. <\/P><br \/>\n<P class=texto><STRONG>Fundaci\u00f3n \u201cAgricultura y Medio Ambiente\u201d (FAMA) <\/STRONG><BR>C\/Leonor Feltz # 40 Minador Sur, <BR>Santo Domingo <BR>Tel: 809 473-7463 <BR>Fax: 809 473-7268 <BR>Promoci\u00f3n de actividades para proteger el ambiente <\/P><br \/>\n<P class=texto><STRONG>Grupo de Desarrollo Rural Nacional (GRAN) <\/STRONG><BR>Cayetano Rodr\u00edguez # 159. Gazcue <BR>Tel: 809 685-5211 <BR>Fax: 809 685-0146 <BR>Capacitaci\u00f3n, pr\u00e9stamos a los agricultores. Comercializaci\u00f3n y certificaci\u00f3n de productos org\u00e1nicos <\/P><br \/>\n<P class=texto><STRONG>Guineo Nicol\u00e1s CXA <\/STRONG><BR>C\/C #12 El Despertador Santiago <BR>Tel: 809 241-3639 <BR>Fax: 809 582-5777 <BR>Producci\u00f3n y comercializaci\u00f3n de banano org\u00e1nico <\/P><br \/>\n<P class=texto><STRONG>Horizontes Org\u00e1nicos <\/STRONG><BR>CXA <BR>Km 81\/2 Carretera Azua, San Juan <BR>de la Maguana, Los Ta\u00ednos Apartado Postal 15, Azua <BR>Tel: 809 521-3571 <BR>Fax: 809 521-3925 <BR>Producci\u00f3n, comercializaci\u00f3n y exportaci\u00f3n de productos org\u00e1nicos (caf\u00e9,banano, coco) <\/P><br \/>\n<P class=texto><STRONG>Instituto de Horticultura Biodin\u00e1mica (HIB) <\/STRONG><BR>Sonador &#8211; Bonao, Rep\u00fablica Dominicana Investigaci\u00f3n y capacitaci\u00f3n <\/P><br \/>\n<P class=texto><STRONG>Lirianoy Gandini Ingenieros Asociados (Biolog\u00eda, S. A) <\/STRONG><BR>Avenida Valerio # 58 Altos, Santiago, <BR>Rep\u00fablica Dominicana <BR>Tel: 809 971-1764 <BR>Fax: 809 971-55158 <BR>Comercializaci\u00f3n de productos org\u00e1nicos <\/P><br \/>\n<P class=texto><STRONG>Melo CXA <\/STRONG><BR>C\/Anacaona #14, Barahona, <BR>Rep\u00fablica Dominicana <BR>Tel: 809 524-5757 <BR>Fax: 809 524-2587 <BR>Producci\u00f3n, comercializaci\u00f3n y exportaci\u00f3n de productos org\u00e1nicos, principalmente caf\u00e9. <\/P><br \/>\n<P class=texto><STRONG>Plantaciones del Norte, S. A. <\/STRONG><BR>H\u00e9roes de la Barranquilla, Mao, <BR>Valverde, Rep\u00fablica Dominicana <BR>Tel: 809 572-3536 <BR>Fax: 809 572-3696 <BR>Producci\u00f3n y comercializaci\u00f3n de bananos y pi\u00f1as. <\/P><br \/>\n<P class=texto><STRONG>Plantaciones Tropicales <\/STRONG><BR>Cesar Nicol\u00e1s Penz\u00f3n # 116 Apt. <BR>Postal 25007 Sto. Domingo Rep\u00fablica Dominicana <BR>Tel: 809 221-2727 <BR>Fax: 809 686-0755 <BR>Producci\u00f3n y comercializaci\u00f3n de productos org\u00e1nicos <\/P><br \/>\n<P class=texto><STRONG>Procesadora de Ca\u00f1a Org\u00e1nica \u201cCruz Verde\u201d <\/STRONG><BR>C Manzana 26, No. 6, Urb. El Brisal, <BR>Santo Domingo Rep\u00fablica Dominicana <BR>Tel: 809 593-8085 <BR>FAX. 809 682-5817 <BR>Procesa az\u00facar, jarabe de ca\u00f1a de az\u00facar, terrones de az\u00facar, melazas <\/P><br \/>\n<P class=texto><STRONG>Proyecto \u201cLa Cruz de Manzanillo\u201d <\/STRONG><BR>C\/Pepinillo Salcedo Monte Cristi <BR>Tel: 809 579-9510 <BR>FAX: 809 579-9603 <BR>Producci\u00f3n de bananos, pl\u00e1tanos y otros cultivos <\/P><br \/>\n<P class=texto><STRONG>Ram\u00edrez Berm\u00fadez y Asociados <\/STRONG><BR>Avenida Jos\u00e9 Contreras #66, <BR>Zona Universitaria, Santo Domingo <BR>Tel: 809 532-3532 <BR>Fax: 809 532-3556 <BR>Certificaci\u00f3n de productos org\u00e1nicos <\/P><br \/>\n<P class=texto><STRONG>Savid S.A. <\/STRONG><BR>C\/Colon #125 Azua. <BR>Tel: 809 521-3568 <BR>Fax: 809 521-2310 <BR>Producci\u00f3n y comercializaci\u00f3n de productos org\u00e1nicos <\/P><br \/>\n<P class=texto><STRONG>Servicios Social de Iglesias Dominicanas, Inc. <\/STRONG><BR>C\/Luis Emilio P\u00e9rez # 8 casi <BR>Esq. Euclides Morillo, Ens. La F\u00e9. <BR>Promoci\u00f3n del desarrollo de las zonas rurales. <BR>Capacitaci\u00f3n agr\u00edcola <\/P><br \/>\n<P class=texto><STRONG>Tecnolog\u00eda Bananera, S. A. <\/STRONG><BR>Avenida Duarte # 52, 3er piso Licey, <BR>Almedio, Santiago <\/P><br \/>\n<P class=texto><STRONG>Visi\u00f3n Mundial Internacional <\/STRONG><BR>C\u00e9sar Nicol\u00e1s Penz\u00f3n # 60, Esq <BR>Angel Perdomo <BR>Tel: 809 221-6715\/17 <BR>Fax: 809 221-8109 <BR>Promoci\u00f3n del desarrollo rural. Capacitaci\u00f3n agr\u00edcola <\/P><br \/>\n<P class=texto><EM>Fuentes Bibliogr\u00e1ficas:<BR>-Documentos y datos suministrados por el Centro de Exportaci\u00f3n e Inversi\u00f3n de la Rep\u00fablica Dominicana (CEI-RD)<BR>&#8211; Los Mercados Mundiales de Frutas y Verduras Org\u00e1nicas , Centro de Comercio Internacional, Centro T\u00e9cnico para la Cooperaci\u00f3n Agr\u00edcola y Rural, <\/EM><\/P><br \/>\n<P class=texto>&nbsp;<\/P><\/TD><\/TR><\/TBODY><\/TABLE><\/p>","protected":false},"excerpt":{"rendered":"<p>Institutions involved in organic agriculture Agricultura org\u00e1nica Lista de instituciones involucradas en la agricultura org\u00e1nica Cuadro: N\u00famero de Fincas, Superficie Cultivada, Producci\u00f3n y Precio &nbsp; Caribex Dominicana, S. A. C\/Avenida Central, No. 30, Santo Domingo Tel: 809 542-256 Fax: 809 542-213 Procesamiento del pur\u00e9 de mango org\u00e1nico Centro de Agricultura Org\u00e1nica con Tecnolog\u00eda Apropiada (CASTA) &hellip; <a href=\"https:\/\/www.dominicanaonline.org\/en\/organica1\/\" class=\"more-link\">Continue reading<span class=\"screen-reader-text\"> &#8220;Institutions involved in organic agriculture&#8221;<\/span><\/a><\/p>\n","protected":false},"author":1,"featured_media":0,"parent":0,"menu_order":0,"comment_status":"open","ping_status":"open","template":"","meta":{"footnotes":""},"class_list":["post-1508","page","type-page","status-publish","hentry"],"_links":{"self":[{"href":"https:\/\/www.dominicanaonline.org\/en\/wp-json\/wp\/v2\/pages\/1508"}],"collection":[{"href":"https:\/\/www.dominicanaonline.org\/en\/wp-json\/wp\/v2\/pages"}],"about":[{"href":"https:\/\/www.dominicanaonline.org\/en\/wp-json\/wp\/v2\/types\/page"}],"author":[{"embeddable":true,"href":"https:\/\/www.dominicanaonline.org\/en\/wp-json\/wp\/v2\/users\/1"}],"replies":[{"embeddable":true,"href":"https:\/\/www.dominicanaonline.org\/en\/wp-json\/wp\/v2\/comments?post=1508"}],"version-history":[{"count":0,"href":"https:\/\/www.dominicanaonline.org\/en\/wp-json\/wp\/v2\/pages\/1508\/revisions"}],"wp:attachment":[{"href":"https:\/\/www.dominicanaonline.org\/en\/wp-json\/wp\/v2\/media?parent=1508"}],"curies":[{"name":"wp","href":"https:\/\/api.w.org\/{rel}","templated":true}]}}