




{"id":1066,"date":"2007-02-02T17:27:49","date_gmt":"2007-02-02T13:27:49","guid":{"rendered":"http:\/\/www.dominicana-online.org\/?p=1066"},"modified":"2007-02-02T17:27:49","modified_gmt":"2007-02-02T13:27:49","slug":"conquista","status":"publish","type":"page","link":"https:\/\/www.dominicanaonline.org\/en\/conquista\/","title":{"rendered":"Conquest and Colonization"},"content":{"rendered":"<p><P class=grantitulo>Conquest and Colonization<\/P><br \/>\n<TABLE cellPadding=5 width=\"93%\" border=0><br \/>\n<TBODY><br \/>\n<TR><!--left menu--><br \/>\n<TD vAlign=top width=101><SPAN class=style1><A href=\"cpo_conquista.asp\" target=_top><U>Conquest and Colonization <\/U><\/A><A href=\"cpo_conquista.asp\"><BR><\/A><U><BR><\/U><A href=\"cpo_conquista1.asp\" target=_top><U>The sugar industry<\/U><\/A><\/SPAN><SPAN class=texto><U><BR><\/U><A href=\"cpo_conquista2.asp\" target=_top><U><BR><\/U><\/A><\/SPAN><SPAN class=style1><A href=\"cpo_conquista2.asp\" target=_top><U>Contraband and pirates <\/U><\/A><\/SPAN><SPAN class=texto><U><BR><\/U><\/SPAN><br \/>\n<P><SPAN class=texto><A href=\"cpo_conquista3.asp\" target=_top><U>French occupation of the western side of the island<\/U><\/A><U><SPAN class=texto><A href=\"cpo_primeros3.asp\"><BR><\/A><\/SPAN><\/U><SPAN class=texto><U><BR><\/U><\/SPAN><\/SPAN><SPAN class=style1><SPAN class=style1><A href=\"cpo_conquista4.asp\" target=_top><U>War of reconquers<\/U><\/A><\/SPAN><\/SPAN><SPAN class=texto><SPAN class=texto><BR><BR><\/SPAN><A href=\"cpo_conquista5.asp\" target=_top><U>Period of &#8220;Espa\u00f1a boba&#8221;<\/U><\/A> <SPAN class=texto><A href=\"cpo_primeros5.asp\"><BR><\/A><A href=\"cpo_primeros6.asp\" target=_top><\/A><U><A href=\"cpo_primeros6.asp\" target=_top><BR><\/A><\/U><\/SPAN><\/SPAN><SPAN class=style1><SPAN class=style1><A href=\"cpo_conquista6.asp\" target=_top><U>The ephemeral independence <\/U><\/A><\/SPAN><\/SPAN><SPAN class=texto><SPAN class=texto><A href=\"cpo_conquista7.asp\" target=_top><BR><U><BR><\/U><\/A><\/SPAN><\/SPAN><SPAN class=style1><SPAN class=style1><A href=\"cpo_conquista7.asp\" target=_top><U>The Haitian domination<\/U><\/A><\/SPAN><\/SPAN> <SPAN class=texto><SPAN class=texto><A href=\"cpo_conquista7.asp\" target=_top><BR><BR><\/A><A href=\"cpo_conquista7.asp\" target=_top><BR><\/A><\/SPAN><A href=\"cpo_primeros6.asp\"><SPAN class=texto><BR><BR><\/SPAN><\/A><\/SPAN><\/P><\/TD><!-- end left menu--><br \/>\n<TD vAlign=top width=3>&nbsp;<\/TD><br \/>\n<TD vAlign=top><br \/>\n<P class=texto><STRONG>The first Spanish settlement in the new world.&nbsp; <\/STRONG><\/P><br \/>\n<P class=texto>Because the Santa Mar\u00eda had run aground on the coasts of Haiti, it was impossible for the entire crew to return to Spain with the ship that remained, as La Pinta and its captain, Mart\u00edn Alonso Pinz\u00f3n, had separated from the group a month earlier to search for the island the natives called Babeque.&nbsp; The admiral decided to leave a small group of men in a military fort constructed with the remains of the destroyed ship.&nbsp; This installation was located in what is today known as Punta Picolet in the far northeast of the island.&nbsp; It was named \u201cLa Navidad\u201d or \u201cChristmas\u201d, after the day on which the shipwreck occurred, December 25.&nbsp; Diego de Arana, Pedro Guti\u00e9rrez and Rodrigo Escobedo stayed on in command of the fort and its 39 men.&nbsp; The Europeans also had the support of Chief Guacanagarix, who had been very friendly toward the foreigners since their disembarkation.<\/P><br \/>\n<P class=texto><STRONG>First sign of resistance. <\/STRONG>&nbsp;Bordering the island to the east after encountering Mart\u00edn Alonso Pinz\u00f3n and Columbus, the ships La Pinta and La Ni\u00f1a arrived together in the Bah\u00eda de Saman\u00e1, where they saw natives aiming with bows and arrows for the first time.&nbsp; Thus, they named the area \u201cGulf of Arrows\u201d.&nbsp; The inhabitants of the area were Ciguayo and Macori.<\/P><br \/>\n<P class=texto><STRONG>First armed encounter.&nbsp; <\/STRONG>Chief Canoabo and his people destroyed the fort \u201cLa Navidad\u201d and killed all of the men in reprisal for the abuses that some committed against the natives and their women.&nbsp; According to the story of Chief Guacanagarix to Columbus when he disembarked in Hispaniola on his second voyage, members of the fort crew had pulled some Tainos from their homes and abused their spouses.<\/P><br \/>\n<P class=texto><STRONG>First Spanish town in America.&nbsp; First mass.&nbsp; <\/STRONG>Upon arriving to Hispaniola in his second voyage, and in spite of the destruction of the fort, Columbus decided to build a small Spanish-style villa on the island.&nbsp; The villa was named La Isabela and was located at the mouth of the Bajabonico river.&nbsp; It was quickly constructed and January 6, 1494, Father Boil held the first mass on the continent inside of it.<\/P><br \/>\n<P class=texto><STRONG>Trading post system.&nbsp; <\/STRONG>It was the first economic plan implanted by the Spanish.&nbsp; Based on the Portuguese experience on the western coast of Africa, it consisted of the exploitation of unsalaried work by Spaniards, the subjugation of the native peoples, their sale as slaves in Spain and the payment of tribute in gold powder or cotton.&nbsp; The exploitation of natural resources and the indigenous work force could only carried out for the profit of the Crown or Columbus, not for individuals.&nbsp; This situation only caused ill will among the Spaniards, who soon rebelled.&nbsp; In addition, the majority of Tainos could not endure the voyage to Spain, dying of sadness in transit or arriving to the metropolis in critical condition.<\/P><br \/>\n<P class=texto><STRONG>Rold\u00e1n Rebellion.<\/STRONG>&nbsp; Uncomfortable with the trading post system as Columbus and his brothers governed it, and due to the precariousness of life in Hispaniola and the difficulty of returning to Spain, various groups of Spaniards attempted to rise up in arms against the administration of the incipient colony.&nbsp; The first attempt at insurrection in 1494, led by Bernal D\u00edaz de Pisa, was put down by Columbus.&nbsp; But the second was successful.<\/P><br \/>\n<P class=texto>Francisco Rold\u00e1n, Mayor of La Isabela and long-time servant of the Admiral, started his rebellion, winning growing support from the colonists, as he defended the right to search for gold for personal profit, to use indigenous labor, and to take native women as wives as well as the freedom to return to Spain.&nbsp; He also demanded the abolition of the tribute required of the natives.<\/P><br \/>\n<P class=texto>In 1498, all of the Spanish towns and forts located in Hispaniola, except the towns of La Vega and La Isabela, had joined Rold\u00e1n.&nbsp; Christopher Columbus had no choice but to concede, signing the <EM>Capitulaciones de Azua<\/EM> in 1499.&nbsp; This document named Francisco Rold\u00e1n as Mayor of the city of Santo Domingo (already founded) for perpetuity, gave amnesty to all the rebels, allowed them the right to return to Spain, to wed Taino women and to use the native work force in search of gold for personal profit.&nbsp; He also conceded the payment of their back salaries, though they had not worked in the past two years, and gave them lands for their Taino slaves to work.&nbsp; This was the origin of the <EM>encomienda <\/EM>system.<\/P><br \/>\n<P class=texto><STRONG>The Destitution of Christopher Columbus.&nbsp; <\/STRONG>The manner in which Columbus dealt with the Rold\u00e1n uprising displeased the Spanish Crown, as the people that occupied the lowest social strata in Spain came to command the colonizing enterprise and acquired a higher economic position, allowing for a possible social ascent.&nbsp; They decided to strip Christopher Columbus of his position as governor of the island and send Francisco Bobadilla to succeed him, who arrived in August 1500.&nbsp; He immediately ordered the imprisonment of Columbus and his brothers, sending them back to Spain in shackles.<\/P><br \/>\n<P class=texto><STRONG><EM>Encomienda <\/EM>System.&nbsp; <\/STRONG>Bobadilla could not impose on Rold\u00e1n; on the contrary, he had to almost completely accept the Capitulaciones de Azua, and reduced from a third to an eleventh the taxes that the Spanish were required to pay to the Crown for the right to search for gold for personal profit. &nbsp;The next governor, Nicol\u00e1s de Ovando, arrived in 1502 to subdue the Rold\u00e1n supporters and sent Roldan and his closest conspirators back to Spain (they died in a shipwreck upon leaving the island).&nbsp; Still, he had to support the distribution of land and Tainos, and favored his men when distributing possessions.&nbsp; The <EM>encomienda<\/EM> system was formally established by a Royal Provision issued on December 20, 1503), which eventually became the foundation of the economic structure of conquered Hispaniola and America in the first decades of the colonization.&nbsp; In this mechanism, land and natives were assigned for life to the Spanish colonists, who forced them to work intensively in the mines for the extraction of gold and in agricultural labor, instead of evangelizing them and \u201censuring their well-being\u201d. <BR>At first considered by the Crown to be \u201cfree vassals\u201d required to pay tribute to the Kings (1501), the indigenous people lived in this way, under the guise of evangelization and civilization, to support Spain\u2019s imperial need to find gold, completely enslaved.<\/P><br \/>\n<P class=texto><STRONG>Reduction of the Taino population<\/STRONG>.&nbsp; The brutal treatment of the indigenous people (considered as property; fair compensation for working in the <EM>conquista<\/EM>) caused a decrease in their health and life expectancy, which reached alarming levels in the case of Hispaniola, as its population rapidly decreased.&nbsp; The Tainos began to commit suicide <EM>en masse<\/EM> and to have abortions, as these methods constituted the only escape from exploitation.&nbsp; From 400,000 that lived on the island at the time of the 1492 arrival of Columbus, by 1508, there were only 60,000.<\/P><br \/>\n<P class=texto>This situation, of course, also contributed to the enraged violence that friar Nicol\u00e1s de Ovando unleashed against the indigenous communities that resisted slavery.&nbsp; He beheaded, burned and hung entire towns, no matter the age or gender of the victims.&nbsp; It was slavery or death.&nbsp; In the Jaragua killings, he attacked through trickery, after being receiving and attended as a distinguished visitor by Chief Anacaona.<\/P><br \/>\n<P class=texto>The decrease in the native work force obliged the colonists to import Indians from the Lucaya islands.<\/P><br \/>\n<P class=texto><STRONG>The Advent serm\u00f3n.&nbsp; <\/STRONG>Facing the brutality of the treatment of the Indians, a voice of protest emerged from the Dominican friars, led by Pedro de C\u00f3rdoba, Bernardo de Santo Domingo and Antonio de Montesinos.&nbsp; In an event without historical precedent, these priests of the conquering empire voiced their alarm for the suffering inflicted on the conquered.&nbsp; This protest generated a debate on the right of the <EM>conquista<\/EM>, just or unjust war and the condition of man that resounded on a global scale and came to be one of the foundations for what we know today as public international law and human rights.<\/P><br \/>\n<P class=texto>In Santo Domingo, the fourth Sunday of Advent, Friar Antonio de Montesinos delivered the following words from the pulpit (\u201cEgo vox clamanti in deserto\u201d):<\/P><br \/>\n<P class=texto>&nbsp;\u201cSo that you may know why I have mounted this pulpit, I who am the voice of Christ crying in the wilderness of this island, and therefore, it behooves you to listen to me with all of your heart and your senses, listen; for this voice will be the strangest that you have ever heard, the harshest and hardest and most terrifying and dangerous that you will ever hear\u2026This voice proclaims that all are in mortal sin, and in it you live and die, for the cruelty and tyranny that you practice on these innocent people.&nbsp; Tell me, by what right and what justice do you hold these Indians in such cruel and horrible slavery?&nbsp; By what authority have you waged such detestable wars against these people, who lived gently and peacefully on their lands, in which you have consumed infinite numbers of them with unheard of murders and destruction?&nbsp; How do you hold them, oppressed and fatigued, without giving them food nor curing them of diseases brought about by excessive labor, and so they die, or rather, you kill them, so that you may extract and acquire gold every day?&nbsp; And what care do you take for them to receive religious instruction and come to know their God and creator, be baptized, hear mass and observe religious holidays and Sundays?&nbsp; Are they not men?&nbsp; Do they not have rational souls?&nbsp; Are you not obligated to love them as you love yourselves?&nbsp; Do you not understand this?&nbsp; Do you not feel this?&nbsp; How can you lie in such a profound and lethargic slumber?&nbsp;&nbsp; Be certain that in your present state, you can no more be saved than the Moors or the Turks who do not have and do not want the faith of Jesus Christ.\u201d<\/P><br \/>\n<P class=texto><STRONG>The <EM>Burgos<\/EM> Laws.&nbsp; <\/STRONG>The campaign in defense of the indigenous people engendered a series of discussions organized by the Spanish Crown in the cities of Burgos and Valladolid.&nbsp; In these session, in which scholars and theologians participated, the analysis revolved around the human condition of the Indian: if he was an inferior being that lacked a soul and therefore deserved the treatment given him by his master; or if he had a soul, which demanded treatment that facilitated his freedom and evangelization.&nbsp; After almost a year of debates, in December 1512, the Burgos laws were approved, which recognized the \u201crational\u201d character of the native peoples and stated the following:<BR><\/P><br \/>\n<P class=texto>\u2022&nbsp; Right to appropriate nutrition<\/P><br \/>\n<P class=texto>\u2022&nbsp; Right to access to hammocks for sleep. <\/P><br \/>\n<P class=texto>\u2022&nbsp; Work leave for pregnant women<\/P><br \/>\n<P class=texto>\u2022&nbsp; Exoneration from heavy loads for men.<\/P><br \/>\n<P class=texto>\u2022&nbsp; Prohibition of jailing.<\/P><br \/>\n<P class=texto>\u2022&nbsp; Prohibition of physical punishment.<\/P><br \/>\n<P class=texto>\u2022&nbsp; Free baptism.<\/P><br \/>\n<P class=texto>\u2022&nbsp; Obligatory Christian teaching.<\/P><br \/>\n<P class=texto>\u2022&nbsp; Obligatory construction of their <EM>boh\u00edos<\/EM> next to houses of Spaniards.<\/P><br \/>\n<P class=texto>\u2022&nbsp; Prohibition of bigamy.<\/P><br \/>\n<P class=texto>\u2022&nbsp; <EM>Encomienda<\/EM> limit of 40 to 150 Indians per master.<\/P><br \/>\n<P class=texto>In addition, the position of Indian distributor was created, directly responsible to the Crown, in order to solve the conflicts caused by the distributions of the governor of Hispaniola, at that moment Diego Col\u00f3n.<\/P><br \/>\n<P class=texto>These laws composed the first code of law for the Spanish in the Indies.&nbsp; They were first applied in Hispaniola and later extended to Puerto Rico and Jamaica.&nbsp; But the rights and guarantees conceded to the natives were never implemented and their extermination continued at full speed.&nbsp; Around 1514, in the first Spanish colony in America, only 25,500 Tainos remained; in 1517, the figure fell to 11,000; and between December 1518 and January 1519, a smallpox epidemic reduced it to 3,000.<\/P><br \/>\n<P class=texto>&nbsp;<\/P><br \/>\n<P class=texto>&nbsp;<\/P><br \/>\n<P class=texto>&nbsp;<\/P><\/TD><\/TR><\/TBODY><\/TABLE><\/p>","protected":false},"excerpt":{"rendered":"<p>Conquest and Colonization Conquest and Colonization The sugar industryContraband and pirates French occupation of the western side of the islandWar of reconquersPeriod of &#8220;Espa\u00f1a boba&#8221; The ephemeral independence The Haitian domination &nbsp; The first Spanish settlement in the new world.&nbsp; Because the Santa Mar\u00eda had run aground on the coasts of Haiti, it was impossible &hellip; <a href=\"https:\/\/www.dominicanaonline.org\/en\/conquista\/\" class=\"more-link\">Continue reading<span class=\"screen-reader-text\"> &#8220;Conquest and Colonization&#8221;<\/span><\/a><\/p>\n","protected":false},"author":1,"featured_media":0,"parent":0,"menu_order":0,"comment_status":"open","ping_status":"open","template":"","meta":{"footnotes":""},"class_list":["post-1066","page","type-page","status-publish","hentry"],"_links":{"self":[{"href":"https:\/\/www.dominicanaonline.org\/en\/wp-json\/wp\/v2\/pages\/1066"}],"collection":[{"href":"https:\/\/www.dominicanaonline.org\/en\/wp-json\/wp\/v2\/pages"}],"about":[{"href":"https:\/\/www.dominicanaonline.org\/en\/wp-json\/wp\/v2\/types\/page"}],"author":[{"embeddable":true,"href":"https:\/\/www.dominicanaonline.org\/en\/wp-json\/wp\/v2\/users\/1"}],"replies":[{"embeddable":true,"href":"https:\/\/www.dominicanaonline.org\/en\/wp-json\/wp\/v2\/comments?post=1066"}],"version-history":[{"count":0,"href":"https:\/\/www.dominicanaonline.org\/en\/wp-json\/wp\/v2\/pages\/1066\/revisions"}],"wp:attachment":[{"href":"https:\/\/www.dominicanaonline.org\/en\/wp-json\/wp\/v2\/media?parent=1066"}],"curies":[{"name":"wp","href":"https:\/\/api.w.org\/{rel}","templated":true}]}}