




{"id":1017,"date":"2007-02-02T17:26:49","date_gmt":"2007-02-02T13:26:49","guid":{"rendered":"http:\/\/www.dominicana-online.org\/?p=1017"},"modified":"2007-02-02T17:26:49","modified_gmt":"2007-02-02T13:26:49","slug":"alojamientos_polo5","status":"publish","type":"page","link":"https:\/\/www.dominicanaonline.org\/en\/alojamientos_polo5\/","title":{"rendered":"Zone V"},"content":{"rendered":"<p><P class=grantitulo>Zone V <SPAN class=texto><BR><BR>Defined by Decree No. 16-93, on January 22, 1993, encompasses the provinces of Monte Cristi, Dajab\u00f3n, Santiago Rodr\u00edguez and Valverde, corresponding to the Northeast sub-region or the Western Cibao of the Dominican Republic. Its area is 4,879 square kilometers for a population of 387,712 inhabitants.<BR><BR>With fertile land enriched with minerals, Monte Cristi is the province with the largest area in the tourism zone, 1,924 square kilometers and a population of 95,705 people, followed by Santiago Rodr\u00edguez, with 1,111 square kilometers and 62,144 inhabitants; Dajab\u00f3n, with 1,020 square kilometers has a population of 68,606 inhabitants; and finally Valverde, which has an area of 823 square kilometers and an approximate population of 153,050 inhabitants.<BR><BR>Monte Cristi was discovered by Admiral Christopher Columbus on his first journey, which entered the name in the chronicles of the New World a few days after the discovery of the Island, when the sailor expressed the beauty and richness of the place and gave it the name that it still carries.<BR><BR>The province\u2019s principal city is San Fernando de Monte Cristi, founded in the 16th century, during the government of the General of Lares, Friar Nicol\u00e1s de Ovando. It currently has a population of 20,259 inhabitants, on an area of 524 square kilometers. A prosperous port and commercial city, it came to be an important economic center. In 1606, the governor at the time, Antonio de Osorio, by royal decree, destroyed the cities on the northern seaboard, in order to end the contraband industry that the settlers of the region held with the sailors on Dutch and Portuguese ships that frequently visited those ports. Some time after, the brigadier Rubio y Pe\u00f1aranda reconstructed and repopulated the city with families from the Canary Islands.<BR><BR>One important historical event in the history of the city was the writing of the \u201cManifesto of Montecristi\u201d, on March 25, 1885, signed by General M\u00e1ximo G\u00f3mez and Cuban liberator Jos\u00e9 Mart\u00ed, reaffirming the brotherhood of the Dominican and Cuban peoples.<BR><BR>This province has great diversity in its soil, where we can find highlands areas situated between orographic systems and various coastal plains, as well as lowlands that make up the Valle del Noroeste with various irrigation sources, including the main source of the R\u00edo Yaque del Norte. It offers, in addition, a great variety of flora and fauna, from desert plants, forests of fruit trees, palms, mangroves and a variety of vegetables and natural grasses. <BR><BR>Its agricultural production is composed of rice, plantains, bananas, melons, tomatoes and other minor fruits. Cattle raising is also an important aspect of its economy, especially the raising of caprino, a bovine famous for its taste due to its feed, composed of aromatic grasses.<BR><BR>The salt mines are another important productive activity, as they contribute their characteristic stamp to the seascape. Among the many attractions and natural wealth of Monte Cristi, the Parque Nacional de Monte Cristi stands out, as it is in the category of dry subtropical forest, with an abundant variety of vegetation and fauna, with 11 species of reptiles, including the American crocodile, numerous birds, among them the pelican, the flamingo, the sheartail, the pigeon and the tern. Seven cays, named \u201cLos Siete Hermanos, are witnesses to the phenomenal bird migration that arrive each year from Florida to make their nests in the warm and welcoming Dominican lands. <BR><BR>The Ca\u00f1o de Estero Hondo, configured in the shape of an inverted \u201cT\u201d, is noted for its wide biological diversity. Its waters provide for the survival of the manatee,. The mangroves and waters of the canal form majestic marine avenues that can be traveled by a small boat in the protected area.<BR><BR>The Morro has an impressive majesty and beauty, from which one can view the entire bay with its cays and system of coastal lakes. It is a scene that provokes wonder in all of the senses. Columbus was so impressed with the terrain that looks out onto the sea that in his diary, he wrote the following: \u201cThis Monte Cristi is very beautiful and high and walk-able, of such a lovely form and to stay here up high, seeing it from afar, it seems an Island that does not have any connection with any land\u2026\u201d. <BR><BR>Among other areas of tourist interest, the navigable canals, covered with mangroves should be mentioned, as well as the scientific reserve Villa Elisa, the famous clock of the past century, the museum of M\u00e1ximo G\u00f3mez and Jos\u00e9 Mart\u00ed, and the Victorian architecture that we can still admire through the streets of the city.<BR><BR>Regarding the province of Dajab\u00f3n, whose principal city is of the same name, it was founded on the 18th century, during the government of don Jos\u00e9 Solano y Bote. It has a population of some 22,446 inhabitants and an area of 341 square kilometers. It was the scene of various heroic gestures that contributed to the independence of the country It is the only city in the Northeast region of the country that borders Haiti and it is notorious for a certain cultural mixing, which manifests itself in the city\u2019s culture and customs.<BR><BR>Its economy is essentially agriculural: among its principal crops are rice, tobacco, beans, coffee and, on a smaller scale, onions, plantains, pigeon peas and bananas.<BR><BR>Other important activity in the northeastern province is cattle raising. In recent years, the commercial activity has shown considerable growth, supplying, in part, the consumer market of Juana M\u00e9ndez, Hait\u00ed, through popular sales gatherings known as \u201cFairs\u201d.<BR><BR>Dajab\u00f3n has various tourist attractions, mostly ecological, due to the diversity of the ecosystems, like the Parque Nacional de Nalga de Maco and the Salto de Balneario of Loma de Cabrera. The Centro Ceremonial y de Arte Rupestre Prehisp\u00e1nico of Chacuey is very interesting, as is the monument to the Restoration in Capotillo, the intramountain Valle del R\u00edo Limpio of Restauraci\u00f3n, and the border line with the bridge of Dajab\u00f3n.<BR><BR>The principal city of the Santiago Rodr\u00edguez province is San Ignacio de Sabaenta, founded by residents of Dajab\u00f3n in the middle of the 19th century. It has a population of 46,300 people in an area of 948 kilometers squared. Its main economic activity is agriculture and its most important products are rice, tobacco and other minor fruits.<BR><BR>Among its main attractions are the national parks of Nalga de Maco, Armando Berm\u00fadez and Jos\u00e9 del Carmen Ram\u00edrez, the springs of the R\u00edo Guayub\u00edn and the R\u00edo Mao, the workshops on casabe making, its handicraft workshops and its gorgeous mountains.<BR><BR>The Valverde province has three municipalities, with Mao as its main city, with a population of approximately 68,786 people and an area of 415 square kilometers. It was founded in the early 17th century, as a consequence of the Osorio evictions along the northern seaboard, to avoid the continuing contraband trade that the natives carried out with Dutch and French sailors. The evicted settlers founded cattle ranches in various points of the Cibao, among them Mao, on the shores of the river of the same name. The citizens and visitors of the city call it \u201cThe City of Beautiful Sunsets\u201d. With flat and fertile land, it also possesses two excellent irrigation canals. The principal economic activity is agriculture and livestock, and its main product is rice. Other products are: bananas, corn, yucca, various grains, tobacco and other minor fruits.<BR><BR>Its principal tourist attractions are the famous Route of Columbus or Paso de los Hidalgos. It is said that upon arriving to La Isabela, Admiral Columbus sent the noblest of his companions to open a pass into the interior of the island and these, assisted by the Indians, arrived to a stop in the mountains that since has been named Paso de los Hidalgos. Valverde also have mountains with incredible landscapes, handicrafts, springs from the Mao and Amina rivers, indigenous cemeteries and its Victorian architecture, among other attractions.<BR><BR><U><B>Monte Cristi<\/B><\/U><\/SPAN><\/P><br \/>\n<DIV id=masterdiv><br \/>\n<DIV onclick=\"SwitchMenu('sub1')\" class=menutitle>Hotels<\/DIV><SPAN id=sub1 class=submenu><br \/>\n<TABLE style=\"BORDER-COLLAPSE: collapse\" borderColor=#111111 cellSpacing=3 cellPadding=3 width=\"90%\" border=1><br \/>\n<TBODY><br \/>\n<TR><br \/>\n<TD bgColor=#008080 width=\"100%\" colSpan=4 align=center><SPAN class=texto><B><FONT color=#ffffff>Hotels<\/FONT><\/B><\/SPAN><\/TD><\/TR><br \/>\n<TR><br \/>\n<TD bgColor=#669999 width=\"25%\" align=center><SPAN class=texto><B>Address<\/B><\/SPAN><\/TD><br \/>\n<TD bgColor=#669999 width=\"25%\" align=center><SPAN class=texto><B>Address<\/B><\/SPAN><\/TD><br \/>\n<TD bgColor=#669999 width=\"25%\" align=center><SPAN class=texto><B>Telephone\/Fax<\/B><\/SPAN><\/TD><br \/>\n<TD bgColor=#669999 width=\"25%\" align=center><SPAN class=texto><B>Email\/Website<\/B><\/SPAN><\/TD><\/TR><br \/>\n<TR><br \/>\n<TD width=\"25%\"><SPAN class=texto><B>Chic Hotel-Restaurant<\/B><\/SPAN><\/TD><br \/>\n<TD width=\"25%\"><SPAN class=texto>Ave. Benito Monci\u00f3n #44<\/SPAN><\/TD><br \/>\n<TD width=\"25%\"><SPAN class=texto>TEL.: 579-2316 FAX: 579-2039 HAB.: 41<\/SPAN><\/TD><br \/>\n<TD width=\"25%\"><SPAN class=texto><A href=\"mailto:Hectordiaz@codetel.net.com.do\">Hectordiaz@codetel.net.com.do<\/A> <\/SPAN><\/TD><\/TR><br \/>\n<TR><br \/>\n<TD width=\"25%\"><SPAN class=texto><B>Hotel Don Gaspar<\/B><\/SPAN><\/TD><br \/>\n<TD width=\"25%\"><SPAN class=texto>Calle Presidente Jimenez # 21<\/SPAN><\/TD><br \/>\n<TD width=\"25%\"><SPAN class=texto>TEL.: 579-2206 FAX: 579-2206 HAB.: 14<\/SPAN><\/TD><br \/>\n<TD width=\"25%\">&nbsp;<\/TD><\/TR><\/TBODY><\/TABLE><\/SPAN><br \/>\n<P class=grantitulo><SPAN class=texto><U><B>Dajab\u00f3n<\/B><\/U><\/SPAN><\/P><br \/>\n<DIV onclick=\"SwitchMenu('sub2')\" class=menutitle>Hotels<\/DIV><SPAN id=sub2 class=submenu><br \/>\n<TABLE style=\"BORDER-COLLAPSE: collapse\" borderColor=#111111 cellSpacing=3 cellPadding=3 width=\"90%\" border=1><br \/>\n<TBODY><br \/>\n<TR><br \/>\n<TD bgColor=#008080 width=\"100%\" colSpan=4 align=center><SPAN class=texto><B><FONT color=#ffffff>Hotels<\/FONT><\/B><\/SPAN><\/TD><\/TR><br \/>\n<TR><br \/>\n<TD bgColor=#669999 width=\"25%\" align=center><SPAN class=texto><B>Address<\/B><\/SPAN><\/TD><br \/>\n<TD bgColor=#669999 width=\"25%\" align=center><SPAN class=texto><B>Address<\/B><\/SPAN><\/TD><br \/>\n<TD bgColor=#669999 width=\"25%\" align=center><SPAN class=texto><B>Telephone\/Fax<\/B><\/SPAN><\/TD><br \/>\n<TD bgColor=#669999 width=\"25%\" align=center><SPAN class=texto><B>Email\/Website<\/B><\/SPAN><\/TD><\/TR><br \/>\n<TR><br \/>\n<TD width=\"25%\"><SPAN class=texto><B>Hotel Bonanza<\/B><\/SPAN><\/TD><br \/>\n<TD width=\"25%\"><SPAN class=texto>Calle Mart\u00edn Jufferman, El Centro<\/SPAN><\/TD><br \/>\n<TD width=\"25%\"><SPAN class=texto>TEL.: 579-8548 HAB.: 18<\/SPAN><\/TD><br \/>\n<TD width=\"25%\">&nbsp;<\/TD><\/TR><br \/>\n<TR><br \/>\n<TD width=\"25%\"><SPAN class=texto><B>Hotel Juan Calvo<\/B><\/SPAN><\/TD><br \/>\n<TD width=\"25%\"><SPAN class=texto>Calle Pdte. Henriquez #48<\/SPAN><\/TD><br \/>\n<TD width=\"25%\"><SPAN class=texto>TEL.: 579-8285 HAB.: 40<\/SPAN><\/TD><br \/>\n<TD width=\"25%\">&nbsp;<\/TD><\/TR><br \/>\n<TR><br \/>\n<TD width=\"25%\"><SPAN class=texto><B>Hotel Juan Calvo <\/B><\/SPAN><\/TD><br \/>\n<TD width=\"25%\"><SPAN class=texto>Presidente Henr\u00edquez, #46<\/SPAN><\/TD><br \/>\n<TD width=\"25%\"><SPAN class=texto>TEL.: 809 579-8285 HAB.: 29<\/SPAN><\/TD><br \/>\n<TD width=\"25%\">&nbsp;<\/TD><\/TR><\/TBODY><\/TABLE><\/SPAN><br \/>\n<P class=grantitulo><SPAN class=texto><U><B>Mao<\/B><\/U><\/SPAN><\/P><br \/>\n<DIV onclick=\"SwitchMenu('sub3')\" class=menutitle>Hotels<\/DIV><SPAN id=sub3 class=submenu><br \/>\n<TABLE style=\"BORDER-COLLAPSE: collapse\" borderColor=#111111 cellSpacing=3 cellPadding=3 width=\"90%\" border=1><br \/>\n<TBODY><br \/>\n<TR><br \/>\n<TD bgColor=#008080 width=\"100%\" colSpan=4 align=center><SPAN class=texto><B><FONT color=#ffffff>Hotels<\/FONT><\/B><\/SPAN><\/TD><\/TR><br \/>\n<TR><br \/>\n<TD bgColor=#669999 width=\"25%\" align=center><SPAN class=texto><B>Address<\/B><\/SPAN><\/TD><br \/>\n<TD bgColor=#669999 width=\"25%\" align=center><SPAN class=texto><B>Address<\/B><\/SPAN><\/TD><br \/>\n<TD bgColor=#669999 width=\"25%\" align=center><SPAN class=texto><B>Telephone\/Fax<\/B><\/SPAN><\/TD><br \/>\n<TD bgColor=#669999 width=\"25%\" align=center><SPAN class=texto><B>Email\/Website<\/B><\/SPAN><\/TD><\/TR><br \/>\n<TR><br \/>\n<TD width=\"25%\"><SPAN class=texto><B>La Hora Azul<\/B><\/SPAN><\/TD><br \/>\n<TD width=\"25%\"><SPAN class=texto>Ave. Benito Monci\u00f3n #36a<\/SPAN><\/TD><br \/>\n<TD width=\"25%\"><SPAN class=texto>TEL.: 572-6280 FAX: 572-5179 HAB.: 35<\/SPAN><\/TD><br \/>\n<TD width=\"25%\">&nbsp;<\/TD><\/TR><\/TBODY><\/TABLE><\/SPAN><br \/>\n<P class=grantitulo><SPAN class=texto><BR><BR>&nbsp;<\/SPAN><\/P><\/DIV><\/p>","protected":false},"excerpt":{"rendered":"<p>Zone V Defined by Decree No. 16-93, on January 22, 1993, encompasses the provinces of Monte Cristi, Dajab\u00f3n, Santiago Rodr\u00edguez and Valverde, corresponding to the Northeast sub-region or the Western Cibao of the Dominican Republic. Its area is 4,879 square kilometers for a population of 387,712 inhabitants.With fertile land enriched with minerals, Monte Cristi is &hellip; <a href=\"https:\/\/www.dominicanaonline.org\/en\/alojamientos_polo5\/\" class=\"more-link\">Continue reading<span class=\"screen-reader-text\"> &#8220;Zone V&#8221;<\/span><\/a><\/p>\n","protected":false},"author":1,"featured_media":0,"parent":0,"menu_order":0,"comment_status":"open","ping_status":"open","template":"","meta":{"footnotes":""},"class_list":["post-1017","page","type-page","status-publish","hentry"],"_links":{"self":[{"href":"https:\/\/www.dominicanaonline.org\/en\/wp-json\/wp\/v2\/pages\/1017"}],"collection":[{"href":"https:\/\/www.dominicanaonline.org\/en\/wp-json\/wp\/v2\/pages"}],"about":[{"href":"https:\/\/www.dominicanaonline.org\/en\/wp-json\/wp\/v2\/types\/page"}],"author":[{"embeddable":true,"href":"https:\/\/www.dominicanaonline.org\/en\/wp-json\/wp\/v2\/users\/1"}],"replies":[{"embeddable":true,"href":"https:\/\/www.dominicanaonline.org\/en\/wp-json\/wp\/v2\/comments?post=1017"}],"version-history":[{"count":0,"href":"https:\/\/www.dominicanaonline.org\/en\/wp-json\/wp\/v2\/pages\/1017\/revisions"}],"wp:attachment":[{"href":"https:\/\/www.dominicanaonline.org\/en\/wp-json\/wp\/v2\/media?parent=1017"}],"curies":[{"name":"wp","href":"https:\/\/api.w.org\/{rel}","templated":true}]}}